{"id":7075,"date":"2023-11-08T01:10:36","date_gmt":"2023-11-08T00:10:36","guid":{"rendered":"https:\/\/mairieassinie.com\/web\/?page_id=7075"},"modified":"2024-01-10T00:52:51","modified_gmt":"2024-01-09T23:52:51","slug":"les-commissions","status":"publish","type":"page","link":"https:\/\/mairieassinie.com\/web\/les-commissions\/","title":{"rendered":"Les Commissions"},"content":{"rendered":"\t\t<div data-elementor-type=\"wp-page\" data-elementor-id=\"7075\" class=\"elementor elementor-7075\">\n\t\t\t\t\t\t<section class=\"elementor-section elementor-top-section elementor-element elementor-element-4b78ca7 elementor-section-boxed elementor-section-height-default elementor-section-height-default\" data-id=\"4b78ca7\" data-element_type=\"section\">\n\t\t\t\t\t\t<div class=\"elementor-container elementor-column-gap-default\">\n\t\t\t\t\t<div class=\"elementor-column elementor-col-100 elementor-top-column elementor-element elementor-element-5076543\" data-id=\"5076543\" data-element_type=\"column\">\n\t\t\t<div class=\"elementor-widget-wrap elementor-element-populated\">\n\t\t\t\t\t\t<div class=\"elementor-element elementor-element-8353881 elementor-widget elementor-widget-heading\" data-id=\"8353881\" data-element_type=\"widget\" data-widget_type=\"heading.default\">\n\t\t\t\t<div class=\"elementor-widget-container\">\n\t\t\t\t\t<h2 class=\"elementor-heading-title elementor-size-default\">Le 20 octobre 2023, s'est tenu la toute premi\u00e8re assembl\u00e9e du conseil municipal d'Assinie, pr\u00e9sid\u00e9e par Monsieur Pierre MAGNE, nouveau maire. Cette r\u00e9union a permis au Maire et au Conseil Municipal de d\u00e9finir les orientations et les priorit\u00e9s \u00e0 venir. De ces \u00e9changes, Il est ressorti la cr\u00e9ation de dix commissions en plus des deux commissions r\u00e9glementaires d\u00e9finit comme suit :<\/h2>\t\t\t\t<\/div>\n\t\t\t\t<\/div>\n\t\t\t\t\t<\/div>\n\t\t<\/div>\n\t\t\t\t\t<\/div>\n\t\t<\/section>\n\t\t\t\t<section class=\"elementor-section elementor-top-section elementor-element elementor-element-e125d8d elementor-section-boxed elementor-section-height-default elementor-section-height-default\" data-id=\"e125d8d\" data-element_type=\"section\">\n\t\t\t\t\t\t<div class=\"elementor-container elementor-column-gap-default\">\n\t\t\t\t\t<div class=\"elementor-column elementor-col-100 elementor-top-column elementor-element elementor-element-15492a5\" data-id=\"15492a5\" data-element_type=\"column\">\n\t\t\t<div class=\"elementor-widget-wrap elementor-element-populated\">\n\t\t\t\t\t\t<div class=\"elementor-element elementor-element-499a506 elementor-widget elementor-widget-heading\" data-id=\"499a506\" data-element_type=\"widget\" data-widget_type=\"heading.default\">\n\t\t\t\t<div class=\"elementor-widget-container\">\n\t\t\t\t\t<h2 class=\"elementor-heading-title elementor-size-default\">Commissions permanentes<\/h2>\t\t\t\t<\/div>\n\t\t\t\t<\/div>\n\t\t\t\t<div class=\"elementor-element elementor-element-be198b3 elementor-invisible elementor-widget elementor-widget-elementskit-faq\" data-id=\"be198b3\" data-element_type=\"widget\" data-settings=\"{&quot;_animation&quot;:&quot;fadeIn&quot;}\" data-widget_type=\"elementskit-faq.default\">\n\t\t\t\t<div class=\"elementor-widget-container\">\n\t\t\t\t\t<div class=\"ekit-wid-con\" >\n                <div class=\"elementskit-single-faq elementor-repeater-item-407afb9\">\n            <div class=\"elementskit-faq-header\">\n                <h2 class=\"elementskit-faq-title\">Affaires \u00c9conomiques Financi\u00e8res et Domaniales<\/h2>\n            <\/div>\n            <div class=\"elementskit-faq-body\">\n                Vice Pr\u00e9sident : GBANE Mory, Conseiller\nRapporteur: DIARRA Aboubakar, Conseiller            <\/div>\n        <\/div>\n                <div class=\"elementskit-single-faq elementor-repeater-item-a514769\">\n            <div class=\"elementskit-faq-header\">\n                <h2 class=\"elementskit-faq-title\">Affaires Sociales et Culturelles<\/h2>\n            <\/div>\n            <div class=\"elementskit-faq-body\">\n                Vice Pr\u00e9sident :GRAH  Jean-Claude, Conseiller\nRapporteur: MOCKEY Monique, Conseill\u00e8re            <\/div>\n        <\/div>\n                \n    <\/div>\t\t\t\t<\/div>\n\t\t\t\t<\/div>\n\t\t\t\t<div class=\"elementor-element elementor-element-19f7a26 elementor-widget elementor-widget-heading\" data-id=\"19f7a26\" data-element_type=\"widget\" data-widget_type=\"heading.default\">\n\t\t\t\t<div class=\"elementor-widget-container\">\n\t\t\t\t\t<h2 class=\"elementor-heading-title elementor-size-default\">Commissions ADHOC<\/h2>\t\t\t\t<\/div>\n\t\t\t\t<\/div>\n\t\t\t\t<div class=\"elementor-element elementor-element-e4967a6 elementor-invisible elementor-widget elementor-widget-elementskit-faq\" data-id=\"e4967a6\" data-element_type=\"widget\" data-settings=\"{&quot;_animation&quot;:&quot;fadeIn&quot;}\" data-widget_type=\"elementskit-faq.default\">\n\t\t\t\t<div class=\"elementor-widget-container\">\n\t\t\t\t\t<div class=\"ekit-wid-con\" >\n                <div class=\"elementskit-single-faq elementor-repeater-item-407afb9\">\n            <div class=\"elementskit-faq-header\">\n                <h2 class=\"elementskit-faq-title\">Affaires \u00c9conomiques Financi\u00e8res et Domaniales<\/h2>\n            <\/div>\n            <div class=\"elementskit-faq-body\">\n                Vice Pr\u00e9sident : GBANE Mory, Conseiller\nRapporteur: DIARRA Aboubakar, Conseiller            <\/div>\n        <\/div>\n                <div class=\"elementskit-single-faq elementor-repeater-item-a514769\">\n            <div class=\"elementskit-faq-header\">\n                <h2 class=\"elementskit-faq-title\">Affaires Sociales et Culturelles<\/h2>\n            <\/div>\n            <div class=\"elementskit-faq-body\">\n                Vice Pr\u00e9sident :GRAH  Jean-Claude, Conseiller\nRapporteur: MOCKEY Monique, Conseill\u00e8re            <\/div>\n        <\/div>\n                <div class=\"elementskit-single-faq elementor-repeater-item-e66861a\">\n            <div class=\"elementskit-faq-header\">\n                <h2 class=\"elementskit-faq-title\">Education et Emploi des Jeunes<\/h2>\n            <\/div>\n            <div class=\"elementskit-faq-body\">\n                Vice Pr\u00e9sident : KOUAME Edith, Conseill\u00e8re\nRapporteur: KANGAH Madeleine, Conseill\u00e8re            <\/div>\n        <\/div>\n                <div class=\"elementskit-single-faq elementor-repeater-item-796a0e7\">\n            <div class=\"elementskit-faq-header\">\n                <h2 class=\"elementskit-faq-title\">Insfrastructures<\/h2>\n            <\/div>\n            <div class=\"elementskit-faq-body\">\n                Vice Pr\u00e9sident : EHOULI Nestor, Conseiller\nRapporteur: AKATCHI Prosper, Conseiller            <\/div>\n        <\/div>\n                <div class=\"elementskit-single-faq elementor-repeater-item-a9a7726\">\n            <div class=\"elementskit-faq-header\">\n                <h2 class=\"elementskit-faq-title\">Developpement du Tourisme<\/h2>\n            <\/div>\n            <div class=\"elementskit-faq-body\">\n                Vice Pr\u00e9sident : NIAMKE Ignace, Conseiller            <\/div>\n        <\/div>\n                <div class=\"elementskit-single-faq elementor-repeater-item-aa74ac6\">\n            <div class=\"elementskit-faq-header\">\n                <h2 class=\"elementskit-faq-title\">Autonomisation des femmes<\/h2>\n            <\/div>\n            <div class=\"elementskit-faq-body\">\n                Vice Pr\u00e9sident : DIALLO A\u00efcha, Conseill\u00e8re\nRapporteur: Angovin Marie, Conseill\u00e8re            <\/div>\n        <\/div>\n                <div class=\"elementskit-single-faq elementor-repeater-item-3cd1568\">\n            <div class=\"elementskit-faq-header\">\n                <h2 class=\"elementskit-faq-title\">Jeunesse et Sports<\/h2>\n            <\/div>\n            <div class=\"elementskit-faq-body\">\n                Vice Pr\u00e9sident : KOUASSI Maxwell, Conseiller\nRapporteur: MAMPHI Emilienne, Conseill\u00e8re            <\/div>\n        <\/div>\n                <div class=\"elementskit-single-faq elementor-repeater-item-a529e98\">\n            <div class=\"elementskit-faq-header\">\n                <h2 class=\"elementskit-faq-title\">Sant\u00e9 et Environnement<\/h2>\n            <\/div>\n            <div class=\"elementskit-faq-body\">\n                Vice Pr\u00e9sident : KOUATIN L\u00e9onard, Conseiller\nRapporteur: ATTA Tano Lambert, Conseiller            <\/div>\n        <\/div>\n                <div class=\"elementskit-single-faq elementor-repeater-item-de6a0e7\">\n            <div class=\"elementskit-faq-header\">\n                <h2 class=\"elementskit-faq-title\">Financement des Projets<\/h2>\n            <\/div>\n            <div class=\"elementskit-faq-body\">\n                Vice Pr\u00e9sident : KONE Abdoulaye, Conseiller            <\/div>\n        <\/div>\n                <div class=\"elementskit-single-faq elementor-repeater-item-bbf453f\">\n            <div class=\"elementskit-faq-header\">\n                <h2 class=\"elementskit-faq-title\">Logements<\/h2>\n            <\/div>\n            <div class=\"elementskit-faq-body\">\n                Vice Pr\u00e9sident : MINGOMIN Nicolas, Conseiller\nRapporteur: ADJIRI Etche, Conseiller            <\/div>\n        <\/div>\n                <div class=\"elementskit-single-faq elementor-repeater-item-5e2587d\">\n            <div class=\"elementskit-faq-header\">\n                <h2 class=\"elementskit-faq-title\">PUD et Foncier<\/h2>\n            <\/div>\n            <div class=\"elementskit-faq-body\">\n                Vice Pr\u00e9sident : AHOUSSI Toussaint, Conseiller            <\/div>\n        <\/div>\n                \n    <\/div>\t\t\t\t<\/div>\n\t\t\t\t<\/div>\n\t\t\t\t\t<\/div>\n\t\t<\/div>\n\t\t\t\t\t<\/div>\n\t\t<\/section>\n\t\t\t\t<\/div>\n\t\t\n    <div class=\"xs_social_share_widget xs_share_url after_content \t\tmain_content  wslu-style-1 wslu-share-box-shaped wslu-fill-colored wslu-none wslu-share-horizontal wslu-theme-font-no wslu-main_content\">\n\n\t\t\n        <ul>\n\t\t\t        <\/ul>\n    <\/div> \n","protected":false},"excerpt":{"rendered":"<p>Le 20 octobre 2023, s&rsquo;est tenu la toute premi&egrave;re assembl&eacute;e du conseil municipal d&rsquo;Assinie, pr&eacute;sid&eacute;e par Monsieur Pierre MAGNE, nouveau maire. Cette r&eacute;union a permis au Maire et au Conseil Municipal de d&eacute;finir les orientations et les priorit&eacute;s &agrave; venir. De ces &eacute;changes, Il est ressorti la cr&eacute;ation de dix commissions en plus des deux [&hellip;]<\/p>\n","protected":false},"author":1,"featured_media":0,"parent":0,"menu_order":0,"comment_status":"closed","ping_status":"closed","template":"","meta":{"footnotes":""},"class_list":["post-7075","page","type-page","status-publish","hentry"],"yoast_head":"<!-- This site is optimized with the Yoast SEO plugin v25.9 - https:\/\/yoast.com\/wordpress\/plugins\/seo\/ -->\n<title>Les Commissions - Mairie d&#039;Assinie-Mairie<\/title>\n<meta name=\"description\" content=\"Les Commissions Le 20 octobre 2023, s&#039;est tenu la toute premi\u00e8re assembl\u00e9e du conseil municipal d&#039;Assinie, pr\u00e9sid\u00e9e par...\" \/>\n<meta name=\"robots\" content=\"index, follow, max-snippet:-1, max-image-preview:large, max-video-preview:-1\" \/>\n<link rel=\"canonical\" href=\"https:\/\/mairieassinie.com\/web\/les-commissions\/\" \/>\n<meta property=\"og:locale\" content=\"fr_FR\" \/>\n<meta property=\"og:type\" content=\"article\" \/>\n<meta property=\"og:title\" content=\"Mairie d&#039;Assinie-Mairie - Les Commissions\" \/>\n<meta property=\"og:description\" content=\"Le 20 octobre 2023, s&#039;est tenu la toute premi\u00e8re assembl\u00e9e du conseil municipal d&#039;Assinie, pr\u00e9sid\u00e9e par Monsieur Pierre MAGNE, nouveau maire. Cette r\u00e9union a permis au Maire et au Conseil Municipal de d\u00e9finir les orientations et les priorit\u00e9s \u00e0 venir. De ces \u00e9changes, Il est ressorti la cr\u00e9ation de dix commissions en plus des deux commissions r\u00e9glementaires d\u00e9finit comme suit :\" \/>\n<meta property=\"og:url\" content=\"https:\/\/mairieassinie.com\/web\/les-commissions\/\" \/>\n<meta property=\"og:site_name\" content=\"Mairie d&#039;Assinie-Mairie\" \/>\n<meta property=\"article:publisher\" content=\"https:\/\/www.facebook.com\/mairieassinie.officiel\" \/>\n<meta property=\"article:modified_time\" content=\"2024-01-09T23:52:51+00:00\" \/>\n<meta name=\"twitter:card\" content=\"summary_large_image\" \/>\n<meta name=\"twitter:title\" content=\"Mairie d&#039;Assinie-Mairie - Les Commissions\" \/>\n<meta name=\"twitter:description\" content=\"Le 20 octobre 2023, s&#039;est tenu la toute premi\u00e8re assembl\u00e9e du conseil municipal d&#039;Assinie, pr\u00e9sid\u00e9e par Monsieur Pierre MAGNE, nouveau maire. Cette r\u00e9union a permis au Maire et au Conseil Municipal de d\u00e9finir les orientations et les priorit\u00e9s \u00e0 venir. De ces \u00e9changes, Il est ressorti la cr\u00e9ation de dix commissions en plus des deux commissions r\u00e9glementaires d\u00e9finit comme suit :\" \/>\n<meta name=\"twitter:label1\" content=\"Dur\u00e9e de lecture estim\u00e9e\" \/>\n\t<meta name=\"twitter:data1\" content=\"2 minutes\" \/>\n<script type=\"application\/ld+json\" class=\"yoast-schema-graph\">{\"@context\":\"https:\/\/schema.org\",\"@graph\":[{\"@type\":\"WebPage\",\"@id\":\"https:\/\/mairieassinie.com\/web\/les-commissions\/\",\"url\":\"https:\/\/mairieassinie.com\/web\/les-commissions\/\",\"name\":\"Les Commissions - Mairie d&#039;Assinie-Mairie\",\"isPartOf\":{\"@id\":\"https:\/\/mairieassinie.com\/web\/#website\"},\"datePublished\":\"2023-11-08T00:10:36+00:00\",\"dateModified\":\"2024-01-09T23:52:51+00:00\",\"description\":\"Les Commissions Le 20 octobre 2023, s'est tenu la toute premi\u00e8re assembl\u00e9e du conseil municipal d'Assinie, pr\u00e9sid\u00e9e par...\",\"breadcrumb\":{\"@id\":\"https:\/\/mairieassinie.com\/web\/les-commissions\/#breadcrumb\"},\"inLanguage\":\"fr-FR\",\"potentialAction\":[{\"@type\":\"ReadAction\",\"target\":[\"https:\/\/mairieassinie.com\/web\/les-commissions\/\"]}]},{\"@type\":\"BreadcrumbList\",\"@id\":\"https:\/\/mairieassinie.com\/web\/les-commissions\/#breadcrumb\",\"itemListElement\":[{\"@type\":\"ListItem\",\"position\":1,\"name\":\"Accueil\",\"item\":\"https:\/\/mairieassinie.com\/web\/\"},{\"@type\":\"ListItem\",\"position\":2,\"name\":\"Les Commissions\"}]},{\"@type\":\"WebSite\",\"@id\":\"https:\/\/mairieassinie.com\/web\/#website\",\"url\":\"https:\/\/mairieassinie.com\/web\/\",\"name\":\"Mairie d'Assinie\",\"description\":\"Une cit\u00e9 baln\u00e9aire exceptionnelle.\",\"potentialAction\":[{\"@type\":\"SearchAction\",\"target\":{\"@type\":\"EntryPoint\",\"urlTemplate\":\"https:\/\/mairieassinie.com\/web\/?s={search_term_string}\"},\"query-input\":{\"@type\":\"PropertyValueSpecification\",\"valueRequired\":true,\"valueName\":\"search_term_string\"}}],\"inLanguage\":\"fr-FR\"}]}<\/script>\n<!-- \/ Yoast SEO plugin. -->","yoast_head_json":{"title":"Les Commissions - Mairie d&#039;Assinie-Mairie","description":"Les Commissions Le 20 octobre 2023, s'est tenu la toute premi\u00e8re assembl\u00e9e du conseil municipal d'Assinie, pr\u00e9sid\u00e9e par...","robots":{"index":"index","follow":"follow","max-snippet":"max-snippet:-1","max-image-preview":"max-image-preview:large","max-video-preview":"max-video-preview:-1"},"canonical":"https:\/\/mairieassinie.com\/web\/les-commissions\/","og_locale":"fr_FR","og_type":"article","og_title":"Mairie d&#039;Assinie-Mairie - Les Commissions","og_description":"Le 20 octobre 2023, s'est tenu la toute premi\u00e8re assembl\u00e9e du conseil municipal d'Assinie, pr\u00e9sid\u00e9e par Monsieur Pierre MAGNE, nouveau maire. Cette r\u00e9union a permis au Maire et au Conseil Municipal de d\u00e9finir les orientations et les priorit\u00e9s \u00e0 venir. De ces \u00e9changes, Il est ressorti la cr\u00e9ation de dix commissions en plus des deux commissions r\u00e9glementaires d\u00e9finit comme suit :","og_url":"https:\/\/mairieassinie.com\/web\/les-commissions\/","og_site_name":"Mairie d&#039;Assinie-Mairie","article_publisher":"https:\/\/www.facebook.com\/mairieassinie.officiel","article_modified_time":"2024-01-09T23:52:51+00:00","twitter_card":"summary_large_image","twitter_title":"Mairie d&#039;Assinie-Mairie - Les Commissions","twitter_description":"Le 20 octobre 2023, s'est tenu la toute premi\u00e8re assembl\u00e9e du conseil municipal d'Assinie, pr\u00e9sid\u00e9e par Monsieur Pierre MAGNE, nouveau maire. Cette r\u00e9union a permis au Maire et au Conseil Municipal de d\u00e9finir les orientations et les priorit\u00e9s \u00e0 venir. De ces \u00e9changes, Il est ressorti la cr\u00e9ation de dix commissions en plus des deux commissions r\u00e9glementaires d\u00e9finit comme suit :","twitter_misc":{"Dur\u00e9e de lecture estim\u00e9e":"2 minutes"},"schema":{"@context":"https:\/\/schema.org","@graph":[{"@type":"WebPage","@id":"https:\/\/mairieassinie.com\/web\/les-commissions\/","url":"https:\/\/mairieassinie.com\/web\/les-commissions\/","name":"Les Commissions - Mairie d&#039;Assinie-Mairie","isPartOf":{"@id":"https:\/\/mairieassinie.com\/web\/#website"},"datePublished":"2023-11-08T00:10:36+00:00","dateModified":"2024-01-09T23:52:51+00:00","description":"Les Commissions Le 20 octobre 2023, s'est tenu la toute premi\u00e8re assembl\u00e9e du conseil municipal d'Assinie, pr\u00e9sid\u00e9e par...","breadcrumb":{"@id":"https:\/\/mairieassinie.com\/web\/les-commissions\/#breadcrumb"},"inLanguage":"fr-FR","potentialAction":[{"@type":"ReadAction","target":["https:\/\/mairieassinie.com\/web\/les-commissions\/"]}]},{"@type":"BreadcrumbList","@id":"https:\/\/mairieassinie.com\/web\/les-commissions\/#breadcrumb","itemListElement":[{"@type":"ListItem","position":1,"name":"Accueil","item":"https:\/\/mairieassinie.com\/web\/"},{"@type":"ListItem","position":2,"name":"Les Commissions"}]},{"@type":"WebSite","@id":"https:\/\/mairieassinie.com\/web\/#website","url":"https:\/\/mairieassinie.com\/web\/","name":"Mairie d'Assinie","description":"Une cit\u00e9 baln\u00e9aire exceptionnelle.","potentialAction":[{"@type":"SearchAction","target":{"@type":"EntryPoint","urlTemplate":"https:\/\/mairieassinie.com\/web\/?s={search_term_string}"},"query-input":{"@type":"PropertyValueSpecification","valueRequired":true,"valueName":"search_term_string"}}],"inLanguage":"fr-FR"}]}},"_links":{"self":[{"href":"https:\/\/mairieassinie.com\/web\/wp-json\/wp\/v2\/pages\/7075","targetHints":{"allow":["GET"]}}],"collection":[{"href":"https:\/\/mairieassinie.com\/web\/wp-json\/wp\/v2\/pages"}],"about":[{"href":"https:\/\/mairieassinie.com\/web\/wp-json\/wp\/v2\/types\/page"}],"author":[{"embeddable":true,"href":"https:\/\/mairieassinie.com\/web\/wp-json\/wp\/v2\/users\/1"}],"replies":[{"embeddable":true,"href":"https:\/\/mairieassinie.com\/web\/wp-json\/wp\/v2\/comments?post=7075"}],"version-history":[{"count":32,"href":"https:\/\/mairieassinie.com\/web\/wp-json\/wp\/v2\/pages\/7075\/revisions"}],"predecessor-version":[{"id":8710,"href":"https:\/\/mairieassinie.com\/web\/wp-json\/wp\/v2\/pages\/7075\/revisions\/8710"}],"wp:attachment":[{"href":"https:\/\/mairieassinie.com\/web\/wp-json\/wp\/v2\/media?parent=7075"}],"curies":[{"name":"wp","href":"https:\/\/api.w.org\/{rel}","templated":true}]}}