{"id":8348,"date":"2023-11-21T23:52:56","date_gmt":"2023-11-21T22:52:56","guid":{"rendered":"https:\/\/mairieassinie.com\/web\/?page_id=8348"},"modified":"2023-11-28T00:09:47","modified_gmt":"2023-11-27T23:09:47","slug":"acte-de-deces","status":"publish","type":"page","link":"https:\/\/mairieassinie.com\/web\/acte-de-deces\/","title":{"rendered":"Acte de d\u00e9c\u00e8s"},"content":{"rendered":"\t\t<div data-elementor-type=\"wp-page\" data-elementor-id=\"8348\" class=\"elementor elementor-8348\">\n\t\t\t\t\t\t<section class=\"elementor-section elementor-top-section elementor-element elementor-element-4b78ca7 elementor-section-boxed elementor-section-height-default elementor-section-height-default\" data-id=\"4b78ca7\" data-element_type=\"section\">\n\t\t\t\t\t\t<div class=\"elementor-container elementor-column-gap-default\">\n\t\t\t\t\t<div class=\"elementor-column elementor-col-100 elementor-top-column elementor-element elementor-element-5076543\" data-id=\"5076543\" data-element_type=\"column\">\n\t\t\t<div class=\"elementor-widget-wrap elementor-element-populated\">\n\t\t\t\t\t\t<div class=\"elementor-element elementor-element-499a506 elementor-widget elementor-widget-heading\" data-id=\"499a506\" data-element_type=\"widget\" data-widget_type=\"heading.default\">\n\t\t\t\t<div class=\"elementor-widget-container\">\n\t\t\t\t\t<h2 class=\"elementor-heading-title elementor-size-default\">Comment faire une d\u00e9claration de d\u00e9c\u00e8s ?<\/h2>\t\t\t\t<\/div>\n\t\t\t\t<\/div>\n\t\t\t\t<div class=\"elementor-element elementor-element-8353881 elementor-widget elementor-widget-heading\" data-id=\"8353881\" data-element_type=\"widget\" data-widget_type=\"heading.default\">\n\t\t\t\t<div class=\"elementor-widget-container\">\n\t\t\t\t\t<h2 class=\"elementor-heading-title elementor-size-default\">En C\u00f4te d\u2019Ivoire, selon l\u2019article 53 de la loi N\u00b064-374 du 7 octobre 1964 modifi\u00e9e par la loi N\u00b099-691 du 14 d\u00e9cembre 1999, les d\u00e9c\u00e8s doivent \u00eatre d\u00e9clar\u00e9s dans les quinze jours qui suivent la date \u00e0 laquelle ils se sont produits.<\/h2>\t\t\t\t<\/div>\n\t\t\t\t<\/div>\n\t\t\t\t\t<\/div>\n\t\t<\/div>\n\t\t\t\t\t<\/div>\n\t\t<\/section>\n\t\t\t\t<section class=\"elementor-section elementor-top-section elementor-element elementor-element-e125d8d elementor-section-boxed elementor-section-height-default elementor-section-height-default\" data-id=\"e125d8d\" data-element_type=\"section\">\n\t\t\t\t\t\t<div class=\"elementor-container elementor-column-gap-default\">\n\t\t\t\t\t<div class=\"elementor-column elementor-col-100 elementor-top-column elementor-element elementor-element-15492a5\" data-id=\"15492a5\" data-element_type=\"column\">\n\t\t\t<div class=\"elementor-widget-wrap elementor-element-populated\">\n\t\t\t\t\t\t<div class=\"elementor-element elementor-element-9a54454 elementor-widget elementor-widget-heading\" data-id=\"9a54454\" data-element_type=\"widget\" data-widget_type=\"heading.default\">\n\t\t\t\t<div class=\"elementor-widget-container\">\n\t\t\t\t\t<h2 class=\"elementor-heading-title elementor-size-default\">L\u2019article 55 de la loi N\u00b064-374 du 7 octobre 1964 stipule que l\u2019acte de d\u00e9c\u00e8s est dress\u00e9 sur la d\u00e9claration d\u2019un des parents du d\u00e9funt ou de toute personne poss\u00e9dant sur son \u00e9tat civil, les renseignements n\u00e9cessaires \u00e0 la d\u00e9claration.<\/h2>\t\t\t\t<\/div>\n\t\t\t\t<\/div>\n\t\t\t\t<div class=\"elementor-element elementor-element-2103658 elementor-widget elementor-widget-heading\" data-id=\"2103658\" data-element_type=\"widget\" data-widget_type=\"heading.default\">\n\t\t\t\t<div class=\"elementor-widget-container\">\n\t\t\t\t\t<h2 class=\"elementor-heading-title elementor-size-default\">Pi\u00e8ces \u00e0 fournir<\/h2>\t\t\t\t<\/div>\n\t\t\t\t<\/div>\n\t\t\t\t\t<\/div>\n\t\t<\/div>\n\t\t\t\t\t<\/div>\n\t\t<\/section>\n\t\t\t\t<section class=\"elementor-section elementor-top-section elementor-element elementor-element-4f5cdd3 elementor-section-boxed elementor-section-height-default elementor-section-height-default\" data-id=\"4f5cdd3\" data-element_type=\"section\">\n\t\t\t\t\t\t<div class=\"elementor-container elementor-column-gap-default\">\n\t\t\t\t\t<div class=\"elementor-column elementor-col-100 elementor-top-column elementor-element elementor-element-d75ab40\" data-id=\"d75ab40\" data-element_type=\"column\">\n\t\t\t<div class=\"elementor-widget-wrap elementor-element-populated\">\n\t\t\t\t\t\t<div class=\"elementor-element elementor-element-ce54784 elementor-widget elementor-widget-elementskit-accordion\" data-id=\"ce54784\" data-element_type=\"widget\" data-widget_type=\"elementskit-accordion.default\">\n\t\t\t\t<div class=\"elementor-widget-container\">\n\t\t\t\t\t<div class=\"ekit-wid-con\" >\n        <div class=\"elementskit-accordion accoedion-primary\" id=\"accordion-6a02e75cc82dd\">\n\n            \n                <div class=\"elementskit-card active\">\n                    <div class=\"elementskit-card-header\" id=\"primaryHeading-0-ce54784\">\n                        <a href=\"#collapse-24cabbb6a02e75cc82dd\" class=\"ekit-accordion--toggler elementskit-btn-link collapsed\" data-ekit-toggle=\"collapse\" data-target=\"#Collapse-24cabbb6a02e75cc82dd\" aria-expanded=\"true\" aria-controls=\"Collapse-24cabbb6a02e75cc82dd\">\n                            \n                            <span class=\"ekit-accordion-title\">1. Si le d\u00e9c\u00e8s a lieu dans un h\u00f4pital<\/span>\n\n                            \n                                <div class=\"ekit_accordion_icon_group\">\n                                    <div class=\"ekit_accordion_normal_icon\">\n                                        <!-- Normal Icon -->\n\t\t\t\t\t\t\t\t\t\t<i class=\"icon icon-down-arrow1\"><\/i>                                    <\/div>\n\n                                    <div class=\"ekit_accordion_active_icon\">\n                                        <!-- Active Icon -->\n\t\t\t\t\t\t\t\t\t\t<i class=\"icon icon-up-arrow\"><\/i>                                    <\/div>\n                                <\/div>\n\n                            \n                                                    <\/a>\n                    <\/div>\n\n                    <div id=\"Collapse-24cabbb6a02e75cc82dd\" class=\" show collapse\" aria-labelledby=\"primaryHeading-0-ce54784\" data-parent=\"#accordion-6a02e75cc82dd\">\n\n                        <div class=\"elementskit-card-body ekit-accordion--content\">\n                            <ul><li>Certificat\u00a0<span class=\"txtrouge\">m\u00e9dical<\/span>\u00a0de d\u00e9c\u00e8s<\/li><li>Proc\u00e8s-verbal de constatation de d\u00e9c\u00e8s<\/li><li>Photocopie de la CNI du d\u00e9funt ou de la d\u00e9funte \/\u00a0<span class=\"txtrouge\">Extrait de naissance du d\u00e9funt ou de la d\u00e9funte<\/span><\/li><li>Photocopie de l\u2019acte de mariage du d\u00e9funt ou de la d\u00e9funte\u00a0<strong>si mari\u00e9(e)<\/strong><\/li><li>Photocopie de la CNI du d\u00e9clarant<\/li><\/ul>                        <\/div>\n\n                    <\/div>\n\n                <\/div><!-- .elementskit-card END -->\n\n                \n                <div class=\"elementskit-card \">\n                    <div class=\"elementskit-card-header\" id=\"primaryHeading-1-ce54784\">\n                        <a href=\"#collapse-e4bce1b6a02e75cc82dd\" class=\"ekit-accordion--toggler elementskit-btn-link collapsed\" data-ekit-toggle=\"collapse\" data-target=\"#Collapse-e4bce1b6a02e75cc82dd\" aria-expanded=\"false\" aria-controls=\"Collapse-e4bce1b6a02e75cc82dd\">\n                            \n                            <span class=\"ekit-accordion-title\">2. Si le d\u00e9c\u00e8s \u00e0 lieu hors d\u2019un H\u00f4pital<\/span>\n\n                            \n                                <div class=\"ekit_accordion_icon_group\">\n                                    <div class=\"ekit_accordion_normal_icon\">\n                                        <!-- Normal Icon -->\n\t\t\t\t\t\t\t\t\t\t<i class=\"icon icon-down-arrow1\"><\/i>                                    <\/div>\n\n                                    <div class=\"ekit_accordion_active_icon\">\n                                        <!-- Active Icon -->\n\t\t\t\t\t\t\t\t\t\t<i class=\"icon icon-up-arrow\"><\/i>                                    <\/div>\n                                <\/div>\n\n                            \n                                                    <\/a>\n                    <\/div>\n\n                    <div id=\"Collapse-e4bce1b6a02e75cc82dd\" class=\" collapse\" aria-labelledby=\"primaryHeading-1-ce54784\" data-parent=\"#accordion-6a02e75cc82dd\">\n\n                        <div class=\"elementskit-card-body ekit-accordion--content\">\n                            <ul><li class=\"txtrouge\">Document administratif et juridique dit\u00a0\u00a0<strong>\u00ab\u00a0de par la loi\u00a0\u00bb<\/strong><\/li><li class=\"txtrouge\">Proc\u00e8s-verbal de constatation de d\u00e9c\u00e8s<\/li><li class=\"txtrouge\">Photocopie de la CNI du d\u00e9funt(e) \/ Extrait de naissance du d\u00e9funt<\/li><li class=\"txtrouge\">Photocopie de l\u2019acte de mariage du d\u00e9funt(e) (<strong>si mari\u00e9(e)<\/strong>)<\/li><li class=\"txtrouge\">Photocopie de la CNI du d\u00e9clarant<\/li><\/ul><p>A la suite de la d\u00e9claration de D\u00e9c\u00e8s un permis d\u2019inhumer est d\u00e9livr\u00e9, indiquant le lieu de l\u2019Inhumation.<\/p>                        <\/div>\n\n                    <\/div>\n\n                <\/div><!-- .elementskit-card END -->\n\n                                        <\/div>\n    <\/div>\t\t\t\t<\/div>\n\t\t\t\t<\/div>\n\t\t\t\t\t<\/div>\n\t\t<\/div>\n\t\t\t\t\t<\/div>\n\t\t<\/section>\n\t\t\t\t<section class=\"elementor-section elementor-top-section elementor-element elementor-element-70e4794 elementor-section-boxed elementor-section-height-default elementor-section-height-default\" data-id=\"70e4794\" data-element_type=\"section\">\n\t\t\t\t\t\t<div class=\"elementor-container elementor-column-gap-default\">\n\t\t\t\t\t<div class=\"elementor-column elementor-col-100 elementor-top-column elementor-element elementor-element-d89a521\" data-id=\"d89a521\" data-element_type=\"column\">\n\t\t\t<div class=\"elementor-widget-wrap elementor-element-populated\">\n\t\t\t\t\t\t<div class=\"elementor-element elementor-element-9d259af elementor-widget elementor-widget-elementskit-accordion\" data-id=\"9d259af\" data-element_type=\"widget\" data-widget_type=\"elementskit-accordion.default\">\n\t\t\t\t<div class=\"elementor-widget-container\">\n\t\t\t\t\t<div class=\"ekit-wid-con\" >\n        <div class=\"elementskit-accordion accoedion-primary\" id=\"accordion-6a02e75cc8cc7\">\n\n            \n                <div class=\"elementskit-card active\">\n                    <div class=\"elementskit-card-header\" id=\"primaryHeading-0-9d259af\">\n                        <a href=\"#collapse-24cabbb6a02e75cc8cc7\" class=\"ekit-accordion--toggler elementskit-btn-link collapsed\" data-ekit-toggle=\"collapse\" data-target=\"#Collapse-24cabbb6a02e75cc8cc7\" aria-expanded=\"true\" aria-controls=\"Collapse-24cabbb6a02e75cc8cc7\">\n                            \n                            <span class=\"ekit-accordion-title\">Jugement suppl\u00e9tif de d\u00e9claration de d\u00e9c\u00e8s.<\/span>\n\n                            \n                                <div class=\"ekit_accordion_icon_group\">\n                                    <div class=\"ekit_accordion_normal_icon\">\n                                        <!-- Normal Icon -->\n\t\t\t\t\t\t\t\t\t\t                                    <\/div>\n\n                                    <div class=\"ekit_accordion_active_icon\">\n                                        <!-- Active Icon -->\n\t\t\t\t\t\t\t\t\t\t                                    <\/div>\n                                <\/div>\n\n                            \n                                                    <\/a>\n                    <\/div>\n\n                    <div id=\"Collapse-24cabbb6a02e75cc8cc7\" class=\" show collapse\" aria-labelledby=\"primaryHeading-0-9d259af\" data-parent=\"#accordion-6a02e75cc8cc7\">\n\n                        <div class=\"elementskit-card-body ekit-accordion--content\">\n                            <p>Pass\u00e9 le d\u00e9lai l\u00e9gal de\u00a0<strong>15 jours<\/strong>\u00a0requis pour la d\u00e9claration de d\u00e9c\u00e8s, l\u2019usager doit se rendre \u00e0 la\u00a0<span class=\"txtrouge\">Mairie pour l\u2019\u00e9tablissement d\u2019un certificat de non d\u00e9claration de d\u00e9c\u00e8s, afin de poursuivre la proc\u00e9dure du jugement suppl\u00e9tif au Tribunal de Premi\u00e8re Instance<\/span>.<br \/>Pi\u00e8ces \u00e0 fournir\u00a0pour les cas de d\u00e9c\u00e8s dans un centre hospitalier : Conditions g\u00e9n\u00e9rales<\/p><ul><li>Certificat\u00a0<span class=\"txtrouge\">m\u00e9dical<\/span>\u00a0de d\u00e9c\u00e8s<\/li><li>Proc\u00e8s-verbal de constatation de d\u00e9c\u00e8s<\/li><li>Photocopie de la CNI du d\u00e9funt(e)<\/li><li>Photocopie de l\u2019acte de mariage du d\u00e9funt(e) (<strong>si mari\u00e9(e)<\/strong>)<\/li><li>Photocopie de la CNI du d\u00e9clarant<\/li><\/ul><p>Pi\u00e8ces \u00e0 fournir\u00a0pour les cas de d\u00e9c\u00e8s hors d\u2019un centre hospitalier, en lieu et place du certificat de d\u00e9c\u00e8s, fournir :<\/p><ul><li><ul><li>Un Document administratif et juridique dit\u00a0\u00a0<strong>\u00ab\u00a0de par la loi\u00a0\u00bb<\/strong><\/li><\/ul><\/li><\/ul>                        <\/div>\n\n                    <\/div>\n\n                <\/div><!-- .elementskit-card END -->\n\n                                        <\/div>\n    <\/div>\t\t\t\t<\/div>\n\t\t\t\t<\/div>\n\t\t\t\t\t<\/div>\n\t\t<\/div>\n\t\t\t\t\t<\/div>\n\t\t<\/section>\n\t\t\t\t<\/div>\n\t\t\n    <div class=\"xs_social_share_widget xs_share_url after_content \t\tmain_content  wslu-style-1 wslu-share-box-shaped wslu-fill-colored wslu-none wslu-share-horizontal wslu-theme-font-no wslu-main_content\">\n\n\t\t\n        <ul>\n\t\t\t        <\/ul>\n    <\/div> \n","protected":false},"excerpt":{"rendered":"<p>Comment faire une d&eacute;claration de d&eacute;c&egrave;s ? En C&ocirc;te d&rsquo;Ivoire, selon l&rsquo;article 53 de la loi N&deg;64-374 du 7 octobre 1964 modifi&eacute;e par la loi N&deg;99-691 du 14 d&eacute;cembre 1999, les d&eacute;c&egrave;s doivent &ecirc;tre d&eacute;clar&eacute;s dans les quinze jours qui suivent la date &agrave; laquelle ils se sont produits. L&rsquo;article 55 de la loi N&deg;64-374 [&hellip;]<\/p>\n","protected":false},"author":1,"featured_media":0,"parent":0,"menu_order":0,"comment_status":"closed","ping_status":"closed","template":"","meta":{"footnotes":""},"class_list":["post-8348","page","type-page","status-publish","hentry"],"yoast_head":"<!-- This site is optimized with the Yoast SEO plugin v25.9 - https:\/\/yoast.com\/wordpress\/plugins\/seo\/ -->\n<title>Acte de d\u00e9c\u00e8s - Mairie d&#039;Assinie-Mairie<\/title>\n<meta name=\"description\" content=\"Acte de d\u00e9c\u00e8s Le 20 octobre 2023, s&#039;est tenu la toute premi\u00e8re assembl\u00e9e du conseil municipal d&#039;Assinie, pr\u00e9sid\u00e9e par...\" \/>\n<meta name=\"robots\" content=\"index, follow, max-snippet:-1, max-image-preview:large, max-video-preview:-1\" \/>\n<link rel=\"canonical\" href=\"https:\/\/mairieassinie.com\/web\/acte-de-deces\/\" \/>\n<meta property=\"og:locale\" content=\"fr_FR\" \/>\n<meta property=\"og:type\" content=\"article\" \/>\n<meta property=\"og:title\" content=\"Mairie d&#039;Assinie-Mairie - Acte de d\u00e9c\u00e8s\" \/>\n<meta property=\"og:description\" content=\"Le 20 octobre 2023, s&#039;est tenu la toute premi\u00e8re assembl\u00e9e du conseil municipal d&#039;Assinie, pr\u00e9sid\u00e9e par Monsieur Pierre MAGNE, nouveau maire. Cette r\u00e9union a permis au Maire et au Conseil Municipal de d\u00e9finir les orientations et les priorit\u00e9s \u00e0 venir. De ces \u00e9changes, Il est ressorti la cr\u00e9ation de dix commissions en plus des deux commissions r\u00e9glementaires d\u00e9finit comme suit :\" \/>\n<meta property=\"og:url\" content=\"https:\/\/mairieassinie.com\/web\/acte-de-deces\/\" \/>\n<meta property=\"og:site_name\" content=\"Mairie d&#039;Assinie-Mairie\" \/>\n<meta property=\"article:publisher\" content=\"https:\/\/www.facebook.com\/mairieassinie.officiel\" \/>\n<meta property=\"article:modified_time\" content=\"2023-11-27T23:09:47+00:00\" \/>\n<meta name=\"twitter:card\" content=\"summary_large_image\" \/>\n<meta name=\"twitter:title\" content=\"Mairie d&#039;Assinie-Mairie - Acte de d\u00e9c\u00e8s\" \/>\n<meta name=\"twitter:description\" content=\"Le 20 octobre 2023, s&#039;est tenu la toute premi\u00e8re assembl\u00e9e du conseil municipal d&#039;Assinie, pr\u00e9sid\u00e9e par Monsieur Pierre MAGNE, nouveau maire. Cette r\u00e9union a permis au Maire et au Conseil Municipal de d\u00e9finir les orientations et les priorit\u00e9s \u00e0 venir. De ces \u00e9changes, Il est ressorti la cr\u00e9ation de dix commissions en plus des deux commissions r\u00e9glementaires d\u00e9finit comme suit :\" \/>\n<meta name=\"twitter:label1\" content=\"Dur\u00e9e de lecture estim\u00e9e\" \/>\n\t<meta name=\"twitter:data1\" content=\"2 minutes\" \/>\n<script type=\"application\/ld+json\" class=\"yoast-schema-graph\">{\"@context\":\"https:\/\/schema.org\",\"@graph\":[{\"@type\":\"WebPage\",\"@id\":\"https:\/\/mairieassinie.com\/web\/acte-de-deces\/\",\"url\":\"https:\/\/mairieassinie.com\/web\/acte-de-deces\/\",\"name\":\"Acte de d\u00e9c\u00e8s - Mairie d&#039;Assinie-Mairie\",\"isPartOf\":{\"@id\":\"https:\/\/mairieassinie.com\/web\/#website\"},\"datePublished\":\"2023-11-21T22:52:56+00:00\",\"dateModified\":\"2023-11-27T23:09:47+00:00\",\"description\":\"Acte de d\u00e9c\u00e8s Le 20 octobre 2023, s'est tenu la toute premi\u00e8re assembl\u00e9e du conseil municipal d'Assinie, pr\u00e9sid\u00e9e par...\",\"breadcrumb\":{\"@id\":\"https:\/\/mairieassinie.com\/web\/acte-de-deces\/#breadcrumb\"},\"inLanguage\":\"fr-FR\",\"potentialAction\":[{\"@type\":\"ReadAction\",\"target\":[\"https:\/\/mairieassinie.com\/web\/acte-de-deces\/\"]}]},{\"@type\":\"BreadcrumbList\",\"@id\":\"https:\/\/mairieassinie.com\/web\/acte-de-deces\/#breadcrumb\",\"itemListElement\":[{\"@type\":\"ListItem\",\"position\":1,\"name\":\"Accueil\",\"item\":\"https:\/\/mairieassinie.com\/web\/\"},{\"@type\":\"ListItem\",\"position\":2,\"name\":\"Acte de d\u00e9c\u00e8s\"}]},{\"@type\":\"WebSite\",\"@id\":\"https:\/\/mairieassinie.com\/web\/#website\",\"url\":\"https:\/\/mairieassinie.com\/web\/\",\"name\":\"Mairie d'Assinie\",\"description\":\"Une cit\u00e9 baln\u00e9aire exceptionnelle.\",\"potentialAction\":[{\"@type\":\"SearchAction\",\"target\":{\"@type\":\"EntryPoint\",\"urlTemplate\":\"https:\/\/mairieassinie.com\/web\/?s={search_term_string}\"},\"query-input\":{\"@type\":\"PropertyValueSpecification\",\"valueRequired\":true,\"valueName\":\"search_term_string\"}}],\"inLanguage\":\"fr-FR\"}]}<\/script>\n<!-- \/ Yoast SEO plugin. -->","yoast_head_json":{"title":"Acte de d\u00e9c\u00e8s - Mairie d&#039;Assinie-Mairie","description":"Acte de d\u00e9c\u00e8s Le 20 octobre 2023, s'est tenu la toute premi\u00e8re assembl\u00e9e du conseil municipal d'Assinie, pr\u00e9sid\u00e9e par...","robots":{"index":"index","follow":"follow","max-snippet":"max-snippet:-1","max-image-preview":"max-image-preview:large","max-video-preview":"max-video-preview:-1"},"canonical":"https:\/\/mairieassinie.com\/web\/acte-de-deces\/","og_locale":"fr_FR","og_type":"article","og_title":"Mairie d&#039;Assinie-Mairie - Acte de d\u00e9c\u00e8s","og_description":"Le 20 octobre 2023, s'est tenu la toute premi\u00e8re assembl\u00e9e du conseil municipal d'Assinie, pr\u00e9sid\u00e9e par Monsieur Pierre MAGNE, nouveau maire. Cette r\u00e9union a permis au Maire et au Conseil Municipal de d\u00e9finir les orientations et les priorit\u00e9s \u00e0 venir. De ces \u00e9changes, Il est ressorti la cr\u00e9ation de dix commissions en plus des deux commissions r\u00e9glementaires d\u00e9finit comme suit :","og_url":"https:\/\/mairieassinie.com\/web\/acte-de-deces\/","og_site_name":"Mairie d&#039;Assinie-Mairie","article_publisher":"https:\/\/www.facebook.com\/mairieassinie.officiel","article_modified_time":"2023-11-27T23:09:47+00:00","twitter_card":"summary_large_image","twitter_title":"Mairie d&#039;Assinie-Mairie - Acte de d\u00e9c\u00e8s","twitter_description":"Le 20 octobre 2023, s'est tenu la toute premi\u00e8re assembl\u00e9e du conseil municipal d'Assinie, pr\u00e9sid\u00e9e par Monsieur Pierre MAGNE, nouveau maire. Cette r\u00e9union a permis au Maire et au Conseil Municipal de d\u00e9finir les orientations et les priorit\u00e9s \u00e0 venir. De ces \u00e9changes, Il est ressorti la cr\u00e9ation de dix commissions en plus des deux commissions r\u00e9glementaires d\u00e9finit comme suit :","twitter_misc":{"Dur\u00e9e de lecture estim\u00e9e":"2 minutes"},"schema":{"@context":"https:\/\/schema.org","@graph":[{"@type":"WebPage","@id":"https:\/\/mairieassinie.com\/web\/acte-de-deces\/","url":"https:\/\/mairieassinie.com\/web\/acte-de-deces\/","name":"Acte de d\u00e9c\u00e8s - Mairie d&#039;Assinie-Mairie","isPartOf":{"@id":"https:\/\/mairieassinie.com\/web\/#website"},"datePublished":"2023-11-21T22:52:56+00:00","dateModified":"2023-11-27T23:09:47+00:00","description":"Acte de d\u00e9c\u00e8s Le 20 octobre 2023, s'est tenu la toute premi\u00e8re assembl\u00e9e du conseil municipal d'Assinie, pr\u00e9sid\u00e9e par...","breadcrumb":{"@id":"https:\/\/mairieassinie.com\/web\/acte-de-deces\/#breadcrumb"},"inLanguage":"fr-FR","potentialAction":[{"@type":"ReadAction","target":["https:\/\/mairieassinie.com\/web\/acte-de-deces\/"]}]},{"@type":"BreadcrumbList","@id":"https:\/\/mairieassinie.com\/web\/acte-de-deces\/#breadcrumb","itemListElement":[{"@type":"ListItem","position":1,"name":"Accueil","item":"https:\/\/mairieassinie.com\/web\/"},{"@type":"ListItem","position":2,"name":"Acte de d\u00e9c\u00e8s"}]},{"@type":"WebSite","@id":"https:\/\/mairieassinie.com\/web\/#website","url":"https:\/\/mairieassinie.com\/web\/","name":"Mairie d'Assinie","description":"Une cit\u00e9 baln\u00e9aire exceptionnelle.","potentialAction":[{"@type":"SearchAction","target":{"@type":"EntryPoint","urlTemplate":"https:\/\/mairieassinie.com\/web\/?s={search_term_string}"},"query-input":{"@type":"PropertyValueSpecification","valueRequired":true,"valueName":"search_term_string"}}],"inLanguage":"fr-FR"}]}},"_links":{"self":[{"href":"https:\/\/mairieassinie.com\/web\/wp-json\/wp\/v2\/pages\/8348","targetHints":{"allow":["GET"]}}],"collection":[{"href":"https:\/\/mairieassinie.com\/web\/wp-json\/wp\/v2\/pages"}],"about":[{"href":"https:\/\/mairieassinie.com\/web\/wp-json\/wp\/v2\/types\/page"}],"author":[{"embeddable":true,"href":"https:\/\/mairieassinie.com\/web\/wp-json\/wp\/v2\/users\/1"}],"replies":[{"embeddable":true,"href":"https:\/\/mairieassinie.com\/web\/wp-json\/wp\/v2\/comments?post=8348"}],"version-history":[{"count":33,"href":"https:\/\/mairieassinie.com\/web\/wp-json\/wp\/v2\/pages\/8348\/revisions"}],"predecessor-version":[{"id":10705,"href":"https:\/\/mairieassinie.com\/web\/wp-json\/wp\/v2\/pages\/8348\/revisions\/10705"}],"wp:attachment":[{"href":"https:\/\/mairieassinie.com\/web\/wp-json\/wp\/v2\/media?parent=8348"}],"curies":[{"name":"wp","href":"https:\/\/api.w.org\/{rel}","templated":true}]}}