{"id":8484,"date":"2023-12-16T07:00:36","date_gmt":"2023-12-16T06:00:36","guid":{"rendered":"https:\/\/mairieassinie.com\/web\/?page_id=8484"},"modified":"2024-01-09T23:55:30","modified_gmt":"2024-01-09T22:55:30","slug":"attestation","status":"publish","type":"page","link":"https:\/\/mairieassinie.com\/web\/attestation\/","title":{"rendered":"Attestation"},"content":{"rendered":"\t\t<div data-elementor-type=\"wp-page\" data-elementor-id=\"8484\" class=\"elementor elementor-8484\">\n\t\t\t\t\t\t<section class=\"elementor-section elementor-top-section elementor-element elementor-element-4b78ca7 elementor-section-boxed elementor-section-height-default elementor-section-height-default\" data-id=\"4b78ca7\" data-element_type=\"section\">\n\t\t\t\t\t\t<div class=\"elementor-container elementor-column-gap-default\">\n\t\t\t\t\t<div class=\"elementor-column elementor-col-100 elementor-top-column elementor-element elementor-element-5076543\" data-id=\"5076543\" data-element_type=\"column\">\n\t\t\t<div class=\"elementor-widget-wrap elementor-element-populated\">\n\t\t\t\t\t\t<div class=\"elementor-element elementor-element-499a506 elementor-widget elementor-widget-heading\" data-id=\"499a506\" data-element_type=\"widget\" data-widget_type=\"heading.default\">\n\t\t\t\t<div class=\"elementor-widget-container\">\n\t\t\t\t\t<h2 class=\"elementor-heading-title elementor-size-default\">1. Demande d'une attestation de concubinage<\/h2>\t\t\t\t<\/div>\n\t\t\t\t<\/div>\n\t\t\t\t\t<\/div>\n\t\t<\/div>\n\t\t\t\t\t<\/div>\n\t\t<\/section>\n\t\t\t\t<section class=\"elementor-section elementor-top-section elementor-element elementor-element-5a90d35 elementor-section-boxed elementor-section-height-default elementor-section-height-default\" data-id=\"5a90d35\" data-element_type=\"section\">\n\t\t\t\t\t\t<div class=\"elementor-container elementor-column-gap-default\">\n\t\t\t\t\t<div class=\"elementor-column elementor-col-100 elementor-top-column elementor-element elementor-element-feac5c7\" data-id=\"feac5c7\" data-element_type=\"column\">\n\t\t\t<div class=\"elementor-widget-wrap elementor-element-populated\">\n\t\t\t\t\t\t<div class=\"elementor-element elementor-element-cf62991 elementor-widget elementor-widget-text-editor\" data-id=\"cf62991\" data-element_type=\"widget\" data-widget_type=\"text-editor.default\">\n\t\t\t\t<div class=\"elementor-widget-container\">\n\t\t\t\t\t\t\t\t\t<p>L&rsquo;attestation de concubinage est un document permettant de t\u00e9moigner de l&rsquo;existence du concubinage afin de pouvoir b\u00e9n\u00e9ficier de certaines aides ou prestations. Il prend la forme d&rsquo;une lettre \u00e9crite, dat\u00e9e et sign\u00e9e sur l&rsquo;honneur par les deux concubins et dans laquelle ceux-ci d\u00e9clarent leur situation de concubinage. Cette d\u00e9claration de concubinage est g\u00e9n\u00e9ralement demand\u00e9e par certains organismes dans le cadre d&rsquo;un dossier de demande de prestations (prestations familiales , aide au logement , remboursement de soins)<\/p><p>Un imprim\u00e9 peut \u00eatre r\u00e9cup\u00e9r\u00e9 au guichet des l\u00e9galisations pour faciliter votre demande. Le co\u00fbt de la fiche est de 100 F CFA<\/p>\t\t\t\t\t\t\t\t<\/div>\n\t\t\t\t<\/div>\n\t\t\t\t\t<\/div>\n\t\t<\/div>\n\t\t\t\t\t<\/div>\n\t\t<\/section>\n\t\t\t\t<section class=\"elementor-section elementor-top-section elementor-element elementor-element-4f5cdd3 elementor-section-boxed elementor-section-height-default elementor-section-height-default\" data-id=\"4f5cdd3\" data-element_type=\"section\">\n\t\t\t\t\t\t<div class=\"elementor-container elementor-column-gap-default\">\n\t\t\t\t\t<div class=\"elementor-column elementor-col-100 elementor-top-column elementor-element elementor-element-d75ab40\" data-id=\"d75ab40\" data-element_type=\"column\">\n\t\t\t<div class=\"elementor-widget-wrap elementor-element-populated\">\n\t\t\t\t\t\t<div class=\"elementor-element elementor-element-ce54784 elementor-widget elementor-widget-elementskit-accordion\" data-id=\"ce54784\" data-element_type=\"widget\" data-widget_type=\"elementskit-accordion.default\">\n\t\t\t\t<div class=\"elementor-widget-container\">\n\t\t\t\t\t<div class=\"ekit-wid-con\" >\n        <div class=\"elementskit-accordion accoedion-primary\" id=\"accordion-6a0356ee0eb0c\">\n\n            \n                <div class=\"elementskit-card active\">\n                    <div class=\"elementskit-card-header\" id=\"primaryHeading-0-ce54784\">\n                        <a href=\"#collapse-24cabbb6a0356ee0eb0c\" class=\"ekit-accordion--toggler elementskit-btn-link collapsed\" data-ekit-toggle=\"collapse\" data-target=\"#Collapse-24cabbb6a0356ee0eb0c\" aria-expanded=\"true\" aria-controls=\"Collapse-24cabbb6a0356ee0eb0c\">\n                            \n                            <span class=\"ekit-accordion-title\">Document \u00e0 fournir <\/span>\n\n                            \n                                <div class=\"ekit_accordion_icon_group\">\n                                    <div class=\"ekit_accordion_normal_icon\">\n                                        <!-- Normal Icon -->\n\t\t\t\t\t\t\t\t\t\t<i class=\"icon icon-down-arrow1\"><\/i>                                    <\/div>\n\n                                    <div class=\"ekit_accordion_active_icon\">\n                                        <!-- Active Icon -->\n\t\t\t\t\t\t\t\t\t\t<i class=\"icon icon-up-arrow\"><\/i>                                    <\/div>\n                                <\/div>\n\n                            \n                                                    <\/a>\n                    <\/div>\n\n                    <div id=\"Collapse-24cabbb6a0356ee0eb0c\" class=\" show collapse\" aria-labelledby=\"primaryHeading-0-ce54784\" data-parent=\"#accordion-6a0356ee0eb0c\">\n\n                        <div class=\"elementskit-card-body ekit-accordion--content\">\n                            <ul><li><ul class=\"\"><li><ul class=\"\"><li>La Copie de la pi\u00e8ce d'identit\u00e9 de chaque concubins (Carte nationale d\u2019identit\u00e9,Passeport ou carte de s\u00e9jour)<\/li><\/ul><\/li><\/ul><br \/><ul class=\"\"><li><ul class=\"\"><li>Document rev\u00eatu de la signature<\/li><\/ul><\/li><\/ul><br \/><ul class=\"\"><li>Des frais de timbre (500 F CFA \/Copie) sont applicables<\/li><\/ul><\/li><\/ul>                        <\/div>\n\n                    <\/div>\n\n                <\/div><!-- .elementskit-card END -->\n\n                                        <\/div>\n    <\/div>\t\t\t\t<\/div>\n\t\t\t\t<\/div>\n\t\t\t\t\t<\/div>\n\t\t<\/div>\n\t\t\t\t\t<\/div>\n\t\t<\/section>\n\t\t\t\t<section class=\"elementor-section elementor-top-section elementor-element elementor-element-e125d8d elementor-section-boxed elementor-section-height-default elementor-section-height-default\" data-id=\"e125d8d\" data-element_type=\"section\">\n\t\t\t\t\t\t<div class=\"elementor-container elementor-column-gap-default\">\n\t\t\t\t\t<div class=\"elementor-column elementor-col-100 elementor-top-column elementor-element elementor-element-15492a5\" data-id=\"15492a5\" data-element_type=\"column\">\n\t\t\t<div class=\"elementor-widget-wrap elementor-element-populated\">\n\t\t\t\t\t\t<div class=\"elementor-element elementor-element-2103658 elementor-widget elementor-widget-heading\" data-id=\"2103658\" data-element_type=\"widget\" data-widget_type=\"heading.default\">\n\t\t\t\t<div class=\"elementor-widget-container\">\n\t\t\t\t\t<h2 class=\"elementor-heading-title elementor-size-default\">2. Demande d'une attestation de non revenu<\/h2>\t\t\t\t<\/div>\n\t\t\t\t<\/div>\n\t\t\t\t\t<\/div>\n\t\t<\/div>\n\t\t\t\t\t<\/div>\n\t\t<\/section>\n\t\t\t\t<section class=\"elementor-section elementor-top-section elementor-element elementor-element-7798f87 elementor-section-boxed elementor-section-height-default elementor-section-height-default\" data-id=\"7798f87\" data-element_type=\"section\">\n\t\t\t\t\t\t<div class=\"elementor-container elementor-column-gap-default\">\n\t\t\t\t\t<div class=\"elementor-column elementor-col-100 elementor-top-column elementor-element elementor-element-8bb01ea\" data-id=\"8bb01ea\" data-element_type=\"column\">\n\t\t\t<div class=\"elementor-widget-wrap elementor-element-populated\">\n\t\t\t\t\t\t<div class=\"elementor-element elementor-element-77d816a elementor-widget elementor-widget-text-editor\" data-id=\"77d816a\" data-element_type=\"widget\" data-widget_type=\"text-editor.default\">\n\t\t\t\t<div class=\"elementor-widget-container\">\n\t\t\t\t\t\t\t\t\t<div data-hveid=\"CAsQAQ\"><div class=\"dnXCYb\" tabindex=\"0\" role=\"button\" aria-controls=\"_U82dZcuLOZS9kdUPrMObkA8_28\" aria-expanded=\"true\"><div class=\"L3Ezfd\" data-ved=\"2ahUKEwiLgbjysdGDAxWUXqQEHazhBvIQuk56BAgLEAI\"><p>D\u00e9clare sur l&rsquo;honneur ne percevoir ni traitement, ni salaire, ni indemnit\u00e9 de ch\u00f4mage, ni aide, ni revenus locatifs, ni autre moyen financier susceptible de subvenir \u00e0 vos besoins.\u00a0<\/p><p><span class=\"s1\">Un imprim\u00e9 peut \u00eatre r\u00e9cup\u00e9r\u00e9 au guichet des l\u00e9galisations pour faciliter votre demande. Le co\u00fbt de la fiche est de 100 F CFA<\/span><\/p><\/div><\/div><\/div>\t\t\t\t\t\t\t\t<\/div>\n\t\t\t\t<\/div>\n\t\t\t\t\t<\/div>\n\t\t<\/div>\n\t\t\t\t\t<\/div>\n\t\t<\/section>\n\t\t\t\t<section class=\"elementor-section elementor-top-section elementor-element elementor-element-70e4794 elementor-section-boxed elementor-section-height-default elementor-section-height-default\" data-id=\"70e4794\" data-element_type=\"section\">\n\t\t\t\t\t\t<div class=\"elementor-container elementor-column-gap-default\">\n\t\t\t\t\t<div class=\"elementor-column elementor-col-100 elementor-top-column elementor-element elementor-element-d89a521\" data-id=\"d89a521\" data-element_type=\"column\">\n\t\t\t<div class=\"elementor-widget-wrap elementor-element-populated\">\n\t\t\t\t\t\t<div class=\"elementor-element elementor-element-1a034f3 elementor-widget elementor-widget-elementskit-accordion\" data-id=\"1a034f3\" data-element_type=\"widget\" data-widget_type=\"elementskit-accordion.default\">\n\t\t\t\t<div class=\"elementor-widget-container\">\n\t\t\t\t\t<div class=\"ekit-wid-con\" >\n        <div class=\"elementskit-accordion accoedion-primary\" id=\"accordion-6a0356ee0fba5\">\n\n            \n                <div class=\"elementskit-card active\">\n                    <div class=\"elementskit-card-header\" id=\"primaryHeading-0-1a034f3\">\n                        <a href=\"#collapse-24cabbb6a0356ee0fba5\" class=\"ekit-accordion--toggler elementskit-btn-link collapsed\" data-ekit-toggle=\"collapse\" data-target=\"#Collapse-24cabbb6a0356ee0fba5\" aria-expanded=\"true\" aria-controls=\"Collapse-24cabbb6a0356ee0fba5\">\n                            \n                            <span class=\"ekit-accordion-title\">Document \u00e0 fournir <\/span>\n\n                            \n                                <div class=\"ekit_accordion_icon_group\">\n                                    <div class=\"ekit_accordion_normal_icon\">\n                                        <!-- Normal Icon -->\n\t\t\t\t\t\t\t\t\t\t<i class=\"icon icon-down-arrow1\"><\/i>                                    <\/div>\n\n                                    <div class=\"ekit_accordion_active_icon\">\n                                        <!-- Active Icon -->\n\t\t\t\t\t\t\t\t\t\t<i class=\"icon icon-up-arrow\"><\/i>                                    <\/div>\n                                <\/div>\n\n                            \n                                                    <\/a>\n                    <\/div>\n\n                    <div id=\"Collapse-24cabbb6a0356ee0fba5\" class=\" show collapse\" aria-labelledby=\"primaryHeading-0-1a034f3\" data-parent=\"#accordion-6a0356ee0fba5\">\n\n                        <div class=\"elementskit-card-body ekit-accordion--content\">\n                            <p>il faut choisir :<\/p><p>Une copie d'une pi\u00e8ce d'identit\u00e9 d\u00e9tenteur du document (Carte nationale d\u2019identit\u00e9, passeport ou Attestation d'identit\u00e9...)<\/p>                        <\/div>\n\n                    <\/div>\n\n                <\/div><!-- .elementskit-card END -->\n\n                                        <\/div>\n    <\/div>\t\t\t\t<\/div>\n\t\t\t\t<\/div>\n\t\t\t\t\t<\/div>\n\t\t<\/div>\n\t\t\t\t\t<\/div>\n\t\t<\/section>\n\t\t\t\t<section class=\"elementor-section elementor-top-section elementor-element elementor-element-a7f7f66 elementor-section-boxed elementor-section-height-default elementor-section-height-default\" data-id=\"a7f7f66\" data-element_type=\"section\">\n\t\t\t\t\t\t<div class=\"elementor-container elementor-column-gap-default\">\n\t\t\t\t\t<div class=\"elementor-column elementor-col-100 elementor-top-column elementor-element elementor-element-20dfded\" data-id=\"20dfded\" data-element_type=\"column\">\n\t\t\t<div class=\"elementor-widget-wrap elementor-element-populated\">\n\t\t\t\t\t\t<div class=\"elementor-element elementor-element-ca6230d elementor-widget elementor-widget-heading\" data-id=\"ca6230d\" data-element_type=\"widget\" data-widget_type=\"heading.default\">\n\t\t\t\t<div class=\"elementor-widget-container\">\n\t\t\t\t\t<h2 class=\"elementor-heading-title elementor-size-default\">3. Demande d'une attestation de revenu\n<\/h2>\t\t\t\t<\/div>\n\t\t\t\t<\/div>\n\t\t\t\t<div class=\"elementor-element elementor-element-d11202c elementor-widget elementor-widget-text-editor\" data-id=\"d11202c\" data-element_type=\"widget\" data-widget_type=\"text-editor.default\">\n\t\t\t\t<div class=\"elementor-widget-container\">\n\t\t\t\t\t\t\t\t\t<div data-hveid=\"CAsQAQ\"><div class=\"dnXCYb\" tabindex=\"0\" role=\"button\" aria-controls=\"_U82dZcuLOZS9kdUPrMObkA8_28\" aria-expanded=\"true\"><div class=\"L3Ezfd\" data-ved=\"2ahUKEwiLgbjysdGDAxWUXqQEHazhBvIQuk56BAgLEAI\"><p><span class=\"s1\">Un imprim\u00e9 peut \u00eatre r\u00e9cup\u00e9r\u00e9 au guichet des l\u00e9galisations pour faciliter votre demande. Le co\u00fbt de la fiche est de 100 F CFA<\/span><\/p><\/div><\/div><\/div>\t\t\t\t\t\t\t\t<\/div>\n\t\t\t\t<\/div>\n\t\t\t\t<div class=\"elementor-element elementor-element-5c47a54 elementor-widget elementor-widget-elementskit-accordion\" data-id=\"5c47a54\" data-element_type=\"widget\" data-widget_type=\"elementskit-accordion.default\">\n\t\t\t\t<div class=\"elementor-widget-container\">\n\t\t\t\t\t<div class=\"ekit-wid-con\" >\n        <div class=\"elementskit-accordion accoedion-primary\" id=\"accordion-6a0356ee1061e\">\n\n            \n                <div class=\"elementskit-card active\">\n                    <div class=\"elementskit-card-header\" id=\"primaryHeading-0-5c47a54\">\n                        <a href=\"#collapse-24cabbb6a0356ee1061e\" class=\"ekit-accordion--toggler elementskit-btn-link collapsed\" data-ekit-toggle=\"collapse\" data-target=\"#Collapse-24cabbb6a0356ee1061e\" aria-expanded=\"true\" aria-controls=\"Collapse-24cabbb6a0356ee1061e\">\n                            \n                            <span class=\"ekit-accordion-title\">Document \u00e0 fournir <\/span>\n\n                            \n                                <div class=\"ekit_accordion_icon_group\">\n                                    <div class=\"ekit_accordion_normal_icon\">\n                                        <!-- Normal Icon -->\n\t\t\t\t\t\t\t\t\t\t<i class=\"icon icon-down-arrow1\"><\/i>                                    <\/div>\n\n                                    <div class=\"ekit_accordion_active_icon\">\n                                        <!-- Active Icon -->\n\t\t\t\t\t\t\t\t\t\t<i class=\"icon icon-up-arrow\"><\/i>                                    <\/div>\n                                <\/div>\n\n                            \n                                                    <\/a>\n                    <\/div>\n\n                    <div id=\"Collapse-24cabbb6a0356ee1061e\" class=\" show collapse\" aria-labelledby=\"primaryHeading-0-5c47a54\" data-parent=\"#accordion-6a0356ee1061e\">\n\n                        <div class=\"elementskit-card-body ekit-accordion--content\">\n                            <p>il faut choisir :<\/p><p>Une copie d'une pi\u00e8ce d'identit\u00e9 d\u00e9tenteur du document (Carte nationale d\u2019identit\u00e9, passeport ou Attestation d'identit\u00e9...)<\/p>                        <\/div>\n\n                    <\/div>\n\n                <\/div><!-- .elementskit-card END -->\n\n                                        <\/div>\n    <\/div>\t\t\t\t<\/div>\n\t\t\t\t<\/div>\n\t\t\t\t\t<\/div>\n\t\t<\/div>\n\t\t\t\t\t<\/div>\n\t\t<\/section>\n\t\t\t\t<\/div>\n\t\t\n    <div class=\"xs_social_share_widget xs_share_url after_content \t\tmain_content  wslu-style-1 wslu-share-box-shaped wslu-fill-colored wslu-none wslu-share-horizontal wslu-theme-font-no wslu-main_content\">\n\n\t\t\n        <ul>\n\t\t\t        <\/ul>\n    <\/div> \n","protected":false},"excerpt":{"rendered":"<p>1. Demande d&rsquo;une attestation de concubinage L&rsquo;attestation de concubinage est un document permettant de t&eacute;moigner de l&rsquo;existence du concubinage afin de pouvoir b&eacute;n&eacute;ficier de certaines aides ou prestations. Il prend la forme d&rsquo;une lettre &eacute;crite, dat&eacute;e et sign&eacute;e sur l&rsquo;honneur par les deux concubins et dans laquelle ceux-ci d&eacute;clarent leur situation de concubinage. Cette d&eacute;claration [&hellip;]<\/p>\n","protected":false},"author":1,"featured_media":0,"parent":0,"menu_order":0,"comment_status":"closed","ping_status":"closed","template":"","meta":{"footnotes":""},"class_list":["post-8484","page","type-page","status-publish","hentry"],"yoast_head":"<!-- This site is optimized with the Yoast SEO plugin v25.9 - https:\/\/yoast.com\/wordpress\/plugins\/seo\/ -->\n<title>Attestation - Mairie d&#039;Assinie-Mairie<\/title>\n<meta name=\"description\" content=\"Attestation Le 20 octobre 2023, s&#039;est tenu la toute premi\u00e8re assembl\u00e9e du conseil municipal d&#039;Assinie, pr\u00e9sid\u00e9e par...\" \/>\n<meta name=\"robots\" content=\"index, follow, max-snippet:-1, max-image-preview:large, max-video-preview:-1\" \/>\n<link rel=\"canonical\" href=\"https:\/\/mairieassinie.com\/web\/attestation\/\" \/>\n<meta property=\"og:locale\" content=\"fr_FR\" \/>\n<meta property=\"og:type\" content=\"article\" \/>\n<meta property=\"og:title\" content=\"Mairie d&#039;Assinie-Mairie - Attestation\" \/>\n<meta property=\"og:description\" content=\"Le 20 octobre 2023, s&#039;est tenu la toute premi\u00e8re assembl\u00e9e du conseil municipal d&#039;Assinie, pr\u00e9sid\u00e9e par Monsieur Pierre MAGNE, nouveau maire. Cette r\u00e9union a permis au Maire et au Conseil Municipal de d\u00e9finir les orientations et les priorit\u00e9s \u00e0 venir. De ces \u00e9changes, Il est ressorti la cr\u00e9ation de dix commissions en plus des deux commissions r\u00e9glementaires d\u00e9finit comme suit :\" \/>\n<meta property=\"og:url\" content=\"https:\/\/mairieassinie.com\/web\/attestation\/\" \/>\n<meta property=\"og:site_name\" content=\"Mairie d&#039;Assinie-Mairie\" \/>\n<meta property=\"article:publisher\" content=\"https:\/\/www.facebook.com\/mairieassinie.officiel\" \/>\n<meta property=\"article:modified_time\" content=\"2024-01-09T22:55:30+00:00\" \/>\n<meta name=\"twitter:card\" content=\"summary_large_image\" \/>\n<meta name=\"twitter:title\" content=\"Mairie d&#039;Assinie-Mairie - Attestation\" \/>\n<meta name=\"twitter:description\" content=\"Le 20 octobre 2023, s&#039;est tenu la toute premi\u00e8re assembl\u00e9e du conseil municipal d&#039;Assinie, pr\u00e9sid\u00e9e par Monsieur Pierre MAGNE, nouveau maire. Cette r\u00e9union a permis au Maire et au Conseil Municipal de d\u00e9finir les orientations et les priorit\u00e9s \u00e0 venir. De ces \u00e9changes, Il est ressorti la cr\u00e9ation de dix commissions en plus des deux commissions r\u00e9glementaires d\u00e9finit comme suit :\" \/>\n<meta name=\"twitter:label1\" content=\"Dur\u00e9e de lecture estim\u00e9e\" \/>\n\t<meta name=\"twitter:data1\" content=\"2 minutes\" \/>\n<script type=\"application\/ld+json\" class=\"yoast-schema-graph\">{\"@context\":\"https:\/\/schema.org\",\"@graph\":[{\"@type\":\"WebPage\",\"@id\":\"https:\/\/mairieassinie.com\/web\/attestation\/\",\"url\":\"https:\/\/mairieassinie.com\/web\/attestation\/\",\"name\":\"Attestation - Mairie d&#039;Assinie-Mairie\",\"isPartOf\":{\"@id\":\"https:\/\/mairieassinie.com\/web\/#website\"},\"datePublished\":\"2023-12-16T06:00:36+00:00\",\"dateModified\":\"2024-01-09T22:55:30+00:00\",\"description\":\"Attestation Le 20 octobre 2023, s'est tenu la toute premi\u00e8re assembl\u00e9e du conseil municipal d'Assinie, pr\u00e9sid\u00e9e par...\",\"breadcrumb\":{\"@id\":\"https:\/\/mairieassinie.com\/web\/attestation\/#breadcrumb\"},\"inLanguage\":\"fr-FR\",\"potentialAction\":[{\"@type\":\"ReadAction\",\"target\":[\"https:\/\/mairieassinie.com\/web\/attestation\/\"]}]},{\"@type\":\"BreadcrumbList\",\"@id\":\"https:\/\/mairieassinie.com\/web\/attestation\/#breadcrumb\",\"itemListElement\":[{\"@type\":\"ListItem\",\"position\":1,\"name\":\"Accueil\",\"item\":\"https:\/\/mairieassinie.com\/web\/\"},{\"@type\":\"ListItem\",\"position\":2,\"name\":\"Attestation\"}]},{\"@type\":\"WebSite\",\"@id\":\"https:\/\/mairieassinie.com\/web\/#website\",\"url\":\"https:\/\/mairieassinie.com\/web\/\",\"name\":\"Mairie d'Assinie\",\"description\":\"Une cit\u00e9 baln\u00e9aire exceptionnelle.\",\"potentialAction\":[{\"@type\":\"SearchAction\",\"target\":{\"@type\":\"EntryPoint\",\"urlTemplate\":\"https:\/\/mairieassinie.com\/web\/?s={search_term_string}\"},\"query-input\":{\"@type\":\"PropertyValueSpecification\",\"valueRequired\":true,\"valueName\":\"search_term_string\"}}],\"inLanguage\":\"fr-FR\"}]}<\/script>\n<!-- \/ Yoast SEO plugin. -->","yoast_head_json":{"title":"Attestation - Mairie d&#039;Assinie-Mairie","description":"Attestation Le 20 octobre 2023, s'est tenu la toute premi\u00e8re assembl\u00e9e du conseil municipal d'Assinie, pr\u00e9sid\u00e9e par...","robots":{"index":"index","follow":"follow","max-snippet":"max-snippet:-1","max-image-preview":"max-image-preview:large","max-video-preview":"max-video-preview:-1"},"canonical":"https:\/\/mairieassinie.com\/web\/attestation\/","og_locale":"fr_FR","og_type":"article","og_title":"Mairie d&#039;Assinie-Mairie - Attestation","og_description":"Le 20 octobre 2023, s'est tenu la toute premi\u00e8re assembl\u00e9e du conseil municipal d'Assinie, pr\u00e9sid\u00e9e par Monsieur Pierre MAGNE, nouveau maire. Cette r\u00e9union a permis au Maire et au Conseil Municipal de d\u00e9finir les orientations et les priorit\u00e9s \u00e0 venir. De ces \u00e9changes, Il est ressorti la cr\u00e9ation de dix commissions en plus des deux commissions r\u00e9glementaires d\u00e9finit comme suit :","og_url":"https:\/\/mairieassinie.com\/web\/attestation\/","og_site_name":"Mairie d&#039;Assinie-Mairie","article_publisher":"https:\/\/www.facebook.com\/mairieassinie.officiel","article_modified_time":"2024-01-09T22:55:30+00:00","twitter_card":"summary_large_image","twitter_title":"Mairie d&#039;Assinie-Mairie - Attestation","twitter_description":"Le 20 octobre 2023, s'est tenu la toute premi\u00e8re assembl\u00e9e du conseil municipal d'Assinie, pr\u00e9sid\u00e9e par Monsieur Pierre MAGNE, nouveau maire. Cette r\u00e9union a permis au Maire et au Conseil Municipal de d\u00e9finir les orientations et les priorit\u00e9s \u00e0 venir. De ces \u00e9changes, Il est ressorti la cr\u00e9ation de dix commissions en plus des deux commissions r\u00e9glementaires d\u00e9finit comme suit :","twitter_misc":{"Dur\u00e9e de lecture estim\u00e9e":"2 minutes"},"schema":{"@context":"https:\/\/schema.org","@graph":[{"@type":"WebPage","@id":"https:\/\/mairieassinie.com\/web\/attestation\/","url":"https:\/\/mairieassinie.com\/web\/attestation\/","name":"Attestation - Mairie d&#039;Assinie-Mairie","isPartOf":{"@id":"https:\/\/mairieassinie.com\/web\/#website"},"datePublished":"2023-12-16T06:00:36+00:00","dateModified":"2024-01-09T22:55:30+00:00","description":"Attestation Le 20 octobre 2023, s'est tenu la toute premi\u00e8re assembl\u00e9e du conseil municipal d'Assinie, pr\u00e9sid\u00e9e par...","breadcrumb":{"@id":"https:\/\/mairieassinie.com\/web\/attestation\/#breadcrumb"},"inLanguage":"fr-FR","potentialAction":[{"@type":"ReadAction","target":["https:\/\/mairieassinie.com\/web\/attestation\/"]}]},{"@type":"BreadcrumbList","@id":"https:\/\/mairieassinie.com\/web\/attestation\/#breadcrumb","itemListElement":[{"@type":"ListItem","position":1,"name":"Accueil","item":"https:\/\/mairieassinie.com\/web\/"},{"@type":"ListItem","position":2,"name":"Attestation"}]},{"@type":"WebSite","@id":"https:\/\/mairieassinie.com\/web\/#website","url":"https:\/\/mairieassinie.com\/web\/","name":"Mairie d'Assinie","description":"Une cit\u00e9 baln\u00e9aire exceptionnelle.","potentialAction":[{"@type":"SearchAction","target":{"@type":"EntryPoint","urlTemplate":"https:\/\/mairieassinie.com\/web\/?s={search_term_string}"},"query-input":{"@type":"PropertyValueSpecification","valueRequired":true,"valueName":"search_term_string"}}],"inLanguage":"fr-FR"}]}},"_links":{"self":[{"href":"https:\/\/mairieassinie.com\/web\/wp-json\/wp\/v2\/pages\/8484","targetHints":{"allow":["GET"]}}],"collection":[{"href":"https:\/\/mairieassinie.com\/web\/wp-json\/wp\/v2\/pages"}],"about":[{"href":"https:\/\/mairieassinie.com\/web\/wp-json\/wp\/v2\/types\/page"}],"author":[{"embeddable":true,"href":"https:\/\/mairieassinie.com\/web\/wp-json\/wp\/v2\/users\/1"}],"replies":[{"embeddable":true,"href":"https:\/\/mairieassinie.com\/web\/wp-json\/wp\/v2\/comments?post=8484"}],"version-history":[{"count":10,"href":"https:\/\/mairieassinie.com\/web\/wp-json\/wp\/v2\/pages\/8484\/revisions"}],"predecessor-version":[{"id":8696,"href":"https:\/\/mairieassinie.com\/web\/wp-json\/wp\/v2\/pages\/8484\/revisions\/8696"}],"wp:attachment":[{"href":"https:\/\/mairieassinie.com\/web\/wp-json\/wp\/v2\/media?parent=8484"}],"curies":[{"name":"wp","href":"https:\/\/api.w.org\/{rel}","templated":true}]}}