{"id":8515,"date":"2023-12-16T08:27:02","date_gmt":"2023-12-16T07:27:02","guid":{"rendered":"https:\/\/mairieassinie.com\/web\/?page_id=8515"},"modified":"2023-12-16T08:37:02","modified_gmt":"2023-12-16T07:37:02","slug":"services-techniques","status":"publish","type":"page","link":"https:\/\/mairieassinie.com\/web\/services-techniques\/","title":{"rendered":"Services Techniques"},"content":{"rendered":"\t\t<div data-elementor-type=\"wp-page\" data-elementor-id=\"8515\" class=\"elementor elementor-8515\">\n\t\t\t\t\t\t<section class=\"elementor-section elementor-top-section elementor-element elementor-element-4b78ca7 elementor-section-boxed elementor-section-height-default elementor-section-height-default\" data-id=\"4b78ca7\" data-element_type=\"section\">\n\t\t\t\t\t\t<div class=\"elementor-container elementor-column-gap-default\">\n\t\t\t\t\t<div class=\"elementor-column elementor-col-100 elementor-top-column elementor-element elementor-element-5076543\" data-id=\"5076543\" data-element_type=\"column\">\n\t\t\t<div class=\"elementor-widget-wrap elementor-element-populated\">\n\t\t\t\t\t\t<div class=\"elementor-element elementor-element-8353881 elementor-widget elementor-widget-heading\" data-id=\"8353881\" data-element_type=\"widget\" data-widget_type=\"heading.default\">\n\t\t\t\t<div class=\"elementor-widget-container\">\n\t\t\t\t\t<h2 class=\"elementor-heading-title elementor-size-default\">Les services techniques regroupent l\u2019ensemble des services et des moyens permettant d\u2019effectuer l\u2019entretien du patrimoine communal ou de r\u00e9aliser des travaux neufs sur les b\u00e2timents, les espaces publics et les espaces verts, d\u2019\u00e9laborer et de mettre en \u0153uvre le projet d\u2019am\u00e9nagement urbain.\n<\/h2>\t\t\t\t<\/div>\n\t\t\t\t<\/div>\n\t\t\t\t<div class=\"elementor-element elementor-element-863f214 elementor-widget elementor-widget-heading\" data-id=\"863f214\" data-element_type=\"widget\" data-widget_type=\"heading.default\">\n\t\t\t\t<div class=\"elementor-widget-container\">\n\t\t\t\t\t<h2 class=\"elementor-heading-title elementor-size-default\">La direction technique de la mairie d\u2019Assinie-Mafia a pour mission d'\u00e9laborer et conduire les projets d'am\u00e9nagement, de r\u00e9fection ou encore de mise en oeuvre des projets et actions du Maire. \n<\/h2>\t\t\t\t<\/div>\n\t\t\t\t<\/div>\n\t\t\t\t\t<\/div>\n\t\t<\/div>\n\t\t\t\t\t<\/div>\n\t\t<\/section>\n\t\t\t\t<section class=\"elementor-section elementor-top-section elementor-element elementor-element-e125d8d elementor-section-boxed elementor-section-height-default elementor-section-height-default\" data-id=\"e125d8d\" data-element_type=\"section\">\n\t\t\t\t\t\t<div class=\"elementor-container elementor-column-gap-default\">\n\t\t\t\t\t<div class=\"elementor-column elementor-col-100 elementor-top-column elementor-element elementor-element-15492a5\" data-id=\"15492a5\" data-element_type=\"column\">\n\t\t\t<div class=\"elementor-widget-wrap elementor-element-populated\">\n\t\t\t\t\t\t<div class=\"elementor-element elementor-element-2103658 elementor-widget elementor-widget-heading\" data-id=\"2103658\" data-element_type=\"widget\" data-widget_type=\"heading.default\">\n\t\t\t\t<div class=\"elementor-widget-container\">\n\t\t\t\t\t<h2 class=\"elementor-heading-title elementor-size-default\">LES MISSIONS<\/h2>\t\t\t\t<\/div>\n\t\t\t\t<\/div>\n\t\t\t\t<div class=\"elementor-element elementor-element-3c86fd9 elementor-widget elementor-widget-heading\" data-id=\"3c86fd9\" data-element_type=\"widget\" data-widget_type=\"heading.default\">\n\t\t\t\t<div class=\"elementor-widget-container\">\n\t\t\t\t\t<h2 class=\"elementor-heading-title elementor-size-default\">G\u00e9rer le patrimoine b\u00e2ti et non b\u00e2ti de la commune : entretenir, am\u00e9nager, construire des b\u00e2timents, de la voirie, des espaces, des aires de jeux, des \u00e9quipements culturels sportifs, sociaux, administratifs, distribuer de l\u2019eau potable \u00e0 tous les administr\u00e9s.\n<\/h2>\t\t\t\t<\/div>\n\t\t\t\t<\/div>\n\t\t\t\t<div class=\"elementor-element elementor-element-1998803 elementor-widget elementor-widget-heading\" data-id=\"1998803\" data-element_type=\"widget\" data-widget_type=\"heading.default\">\n\t\t\t\t<div class=\"elementor-widget-container\">\n\t\t\t\t\t<h2 class=\"elementor-heading-title elementor-size-default\">Instruire les autorisations r\u00e9glementaires d\u2019urbanisme et de voirie pour garantir les travaux de construction ou de modification des immeubles des particuliers ou des entreprises.\n<\/h2>\t\t\t\t<\/div>\n\t\t\t\t<\/div>\n\t\t\t\t<div class=\"elementor-element elementor-element-179ed37 elementor-widget elementor-widget-heading\" data-id=\"179ed37\" data-element_type=\"widget\" data-widget_type=\"heading.default\">\n\t\t\t\t<div class=\"elementor-widget-container\">\n\t\t\t\t\t<h2 class=\"elementor-heading-title elementor-size-default\">Assurer la protection de l\u2019environnement auquel chacun a droit dans sa vie quotidienne, Accompagner les projets d\u2019initiative priv\u00e9e dans le cadre des proc\u00e9dures publiques.<\/h2>\t\t\t\t<\/div>\n\t\t\t\t<\/div>\n\t\t\t\t\t<\/div>\n\t\t<\/div>\n\t\t\t\t\t<\/div>\n\t\t<\/section>\n\t\t\t\t<section class=\"elementor-section elementor-top-section elementor-element elementor-element-4f5cdd3 elementor-section-boxed elementor-section-height-default elementor-section-height-default\" data-id=\"4f5cdd3\" data-element_type=\"section\">\n\t\t\t\t\t\t<div class=\"elementor-container elementor-column-gap-default\">\n\t\t\t\t\t<div class=\"elementor-column elementor-col-100 elementor-top-column elementor-element elementor-element-d75ab40\" data-id=\"d75ab40\" data-element_type=\"column\">\n\t\t\t<div class=\"elementor-widget-wrap elementor-element-populated\">\n\t\t\t\t\t\t<div class=\"elementor-element elementor-element-ce54784 elementor-widget elementor-widget-elementskit-accordion\" data-id=\"ce54784\" data-element_type=\"widget\" data-widget_type=\"elementskit-accordion.default\">\n\t\t\t\t<div class=\"elementor-widget-container\">\n\t\t\t\t\t<div class=\"ekit-wid-con\" >\n        <div class=\"elementskit-accordion accoedion-primary\" id=\"accordion-6a030aa92a11a\">\n\n            \n                <div class=\"elementskit-card active\">\n                    <div class=\"elementskit-card-header\" id=\"primaryHeading-0-ce54784\">\n                        <a href=\"#collapse-24cabbb6a030aa92a11a\" class=\"ekit-accordion--toggler elementskit-btn-link collapsed\" data-ekit-toggle=\"collapse\" data-target=\"#Collapse-24cabbb6a030aa92a11a\" aria-expanded=\"true\" aria-controls=\"Collapse-24cabbb6a030aa92a11a\">\n                            \n                            <span class=\"ekit-accordion-title\">CONTACTER LES SERVICES<\/span>\n\n                            \n                                <div class=\"ekit_accordion_icon_group\">\n                                    <div class=\"ekit_accordion_normal_icon\">\n                                        <!-- Normal Icon -->\n\t\t\t\t\t\t\t\t\t\t<i class=\"icon icon-down-arrow1\"><\/i>                                    <\/div>\n\n                                    <div class=\"ekit_accordion_active_icon\">\n                                        <!-- Active Icon -->\n\t\t\t\t\t\t\t\t\t\t<i class=\"icon icon-up-arrow\"><\/i>                                    <\/div>\n                                <\/div>\n\n                            \n                                                    <\/a>\n                    <\/div>\n\n                    <div id=\"Collapse-24cabbb6a030aa92a11a\" class=\" show collapse\" aria-labelledby=\"primaryHeading-0-ce54784\" data-parent=\"#accordion-6a030aa92a11a\">\n\n                        <div class=\"elementskit-card-body ekit-accordion--content\">\n                            <p>La direction technique de la Mairie d\u2019Assinie-Mafia est dirig\u00e9 par xxxxxx.<\/p><ul><li>Sous-direction Travaux, Maintenances et Entretien<\/li><li>Sous-direction Gestion du Patrimoine et du Domaine public<\/li><li>Sous-direction Environnement, Protection Civile et S\u00e9curit\u00e9<\/li><\/ul>                        <\/div>\n\n                    <\/div>\n\n                <\/div><!-- .elementskit-card END -->\n\n                                        <\/div>\n    <\/div>\t\t\t\t<\/div>\n\t\t\t\t<\/div>\n\t\t\t\t<div class=\"elementor-element elementor-element-5e2c18d elementor-widget elementor-widget-heading\" data-id=\"5e2c18d\" data-element_type=\"widget\" data-widget_type=\"heading.default\">\n\t\t\t\t<div class=\"elementor-widget-container\">\n\t\t\t\t\t<h2 class=\"elementor-heading-title elementor-size-default\">Ces diff\u00e9rentes sous-directions  interviennent pour l\u2019ex\u00e9cution des actions sociales et des actions d\u2019investissements.<\/h2>\t\t\t\t<\/div>\n\t\t\t\t<\/div>\n\t\t\t\t\t<\/div>\n\t\t<\/div>\n\t\t\t\t\t<\/div>\n\t\t<\/section>\n\t\t\t\t<section class=\"elementor-section elementor-top-section elementor-element elementor-element-ab25a6e elementor-section-boxed elementor-section-height-default elementor-section-height-default\" data-id=\"ab25a6e\" data-element_type=\"section\">\n\t\t\t\t\t\t<div class=\"elementor-container elementor-column-gap-default\">\n\t\t\t\t\t<div class=\"elementor-column elementor-col-100 elementor-top-column elementor-element elementor-element-7d7a7c9\" data-id=\"7d7a7c9\" data-element_type=\"column\">\n\t\t\t<div class=\"elementor-widget-wrap elementor-element-populated\">\n\t\t\t\t\t\t<div class=\"elementor-element elementor-element-79be6b5 elementor-widget elementor-widget-elementskit-accordion\" data-id=\"79be6b5\" data-element_type=\"widget\" data-widget_type=\"elementskit-accordion.default\">\n\t\t\t\t<div class=\"elementor-widget-container\">\n\t\t\t\t\t<div class=\"ekit-wid-con\" >\n        <div class=\"elementskit-accordion accoedion-primary\" id=\"accordion-6a030aa92b63d\">\n\n            \n                <div class=\"elementskit-card active\">\n                    <div class=\"elementskit-card-header\" id=\"primaryHeading-0-79be6b5\">\n                        <a href=\"#collapse-24cabbb6a030aa92b63d\" class=\"ekit-accordion--toggler elementskit-btn-link collapsed\" data-ekit-toggle=\"collapse\" data-target=\"#Collapse-24cabbb6a030aa92b63d\" aria-expanded=\"true\" aria-controls=\"Collapse-24cabbb6a030aa92b63d\">\n                            \n                            <span class=\"ekit-accordion-title\">CONTACTER LE SERVICE TECHNIQUE<\/span>\n\n                            \n                                <div class=\"ekit_accordion_icon_group\">\n                                    <div class=\"ekit_accordion_normal_icon\">\n                                        <!-- Normal Icon -->\n\t\t\t\t\t\t\t\t\t\t                                    <\/div>\n\n                                    <div class=\"ekit_accordion_active_icon\">\n                                        <!-- Active Icon -->\n\t\t\t\t\t\t\t\t\t\t                                    <\/div>\n                                <\/div>\n\n                            \n                                                    <\/a>\n                    <\/div>\n\n                    <div id=\"Collapse-24cabbb6a030aa92b63d\" class=\" show collapse\" aria-labelledby=\"primaryHeading-0-79be6b5\" data-parent=\"#accordion-6a030aa92b63d\">\n\n                        <div class=\"elementskit-card-body ekit-accordion--content\">\n                            <div>Tel: <a href=\"tel:+2250710008138\">+225 07 10 00 81 38<\/a><br \/>Email : <a href=\"mailto:services.techniques@mairieassinie.com\">services.techniques@mairieassinie.com<\/a><\/div>                        <\/div>\n\n                    <\/div>\n\n                <\/div><!-- .elementskit-card END -->\n\n                                        <\/div>\n    <\/div>\t\t\t\t<\/div>\n\t\t\t\t<\/div>\n\t\t\t\t\t<\/div>\n\t\t<\/div>\n\t\t\t\t\t<\/div>\n\t\t<\/section>\n\t\t\t\t<\/div>\n\t\t\n    <div class=\"xs_social_share_widget xs_share_url after_content \t\tmain_content  wslu-style-1 wslu-share-box-shaped wslu-fill-colored wslu-none wslu-share-horizontal wslu-theme-font-no wslu-main_content\">\n\n\t\t\n        <ul>\n\t\t\t        <\/ul>\n    <\/div> \n","protected":false},"excerpt":{"rendered":"<p>Les services techniques regroupent l&rsquo;ensemble des services et des moyens permettant d&rsquo;effectuer l&rsquo;entretien du patrimoine communal ou de r&eacute;aliser des travaux neufs sur les b&acirc;timents, les espaces publics et les espaces verts, d&rsquo;&eacute;laborer et de mettre en &oelig;uvre le projet d&rsquo;am&eacute;nagement urbain. La direction technique de la mairie d&rsquo;Assinie-Mafia a pour mission d&rsquo;&eacute;laborer et conduire [&hellip;]<\/p>\n","protected":false},"author":1,"featured_media":0,"parent":0,"menu_order":0,"comment_status":"closed","ping_status":"closed","template":"","meta":{"footnotes":""},"class_list":["post-8515","page","type-page","status-publish","hentry"],"yoast_head":"<!-- This site is optimized with the Yoast SEO plugin v25.9 - https:\/\/yoast.com\/wordpress\/plugins\/seo\/ -->\n<title>Services Techniques - Mairie d&#039;Assinie-Mairie<\/title>\n<meta name=\"description\" content=\"Services Techniques Le 20 octobre 2023, s&#039;est tenu la toute premi\u00e8re assembl\u00e9e du conseil municipal d&#039;Assinie, pr\u00e9sid\u00e9e par...\" \/>\n<meta name=\"robots\" content=\"index, follow, max-snippet:-1, max-image-preview:large, max-video-preview:-1\" \/>\n<link rel=\"canonical\" href=\"https:\/\/mairieassinie.com\/web\/services-techniques\/\" \/>\n<meta property=\"og:locale\" content=\"fr_FR\" \/>\n<meta property=\"og:type\" content=\"article\" \/>\n<meta property=\"og:title\" content=\"Mairie d&#039;Assinie-Mairie - Services Techniques\" \/>\n<meta property=\"og:description\" content=\"Le 20 octobre 2023, s&#039;est tenu la toute premi\u00e8re assembl\u00e9e du conseil municipal d&#039;Assinie, pr\u00e9sid\u00e9e par Monsieur Pierre MAGNE, nouveau maire. Cette r\u00e9union a permis au Maire et au Conseil Municipal de d\u00e9finir les orientations et les priorit\u00e9s \u00e0 venir. De ces \u00e9changes, Il est ressorti la cr\u00e9ation de dix commissions en plus des deux commissions r\u00e9glementaires d\u00e9finit comme suit :\" \/>\n<meta property=\"og:url\" content=\"https:\/\/mairieassinie.com\/web\/services-techniques\/\" \/>\n<meta property=\"og:site_name\" content=\"Mairie d&#039;Assinie-Mairie\" \/>\n<meta property=\"article:publisher\" content=\"https:\/\/www.facebook.com\/mairieassinie.officiel\" \/>\n<meta property=\"article:modified_time\" content=\"2023-12-16T07:37:02+00:00\" \/>\n<meta name=\"twitter:card\" content=\"summary_large_image\" \/>\n<meta name=\"twitter:title\" content=\"Mairie d&#039;Assinie-Mairie - Services Techniques\" \/>\n<meta name=\"twitter:description\" content=\"Le 20 octobre 2023, s&#039;est tenu la toute premi\u00e8re assembl\u00e9e du conseil municipal d&#039;Assinie, pr\u00e9sid\u00e9e par Monsieur Pierre MAGNE, nouveau maire. Cette r\u00e9union a permis au Maire et au Conseil Municipal de d\u00e9finir les orientations et les priorit\u00e9s \u00e0 venir. De ces \u00e9changes, Il est ressorti la cr\u00e9ation de dix commissions en plus des deux commissions r\u00e9glementaires d\u00e9finit comme suit :\" \/>\n<meta name=\"twitter:label1\" content=\"Dur\u00e9e de lecture estim\u00e9e\" \/>\n\t<meta name=\"twitter:data1\" content=\"2 minutes\" \/>\n<script type=\"application\/ld+json\" class=\"yoast-schema-graph\">{\"@context\":\"https:\/\/schema.org\",\"@graph\":[{\"@type\":\"WebPage\",\"@id\":\"https:\/\/mairieassinie.com\/web\/services-techniques\/\",\"url\":\"https:\/\/mairieassinie.com\/web\/services-techniques\/\",\"name\":\"Services Techniques - Mairie d&#039;Assinie-Mairie\",\"isPartOf\":{\"@id\":\"https:\/\/mairieassinie.com\/web\/#website\"},\"datePublished\":\"2023-12-16T07:27:02+00:00\",\"dateModified\":\"2023-12-16T07:37:02+00:00\",\"description\":\"Services Techniques Le 20 octobre 2023, s'est tenu la toute premi\u00e8re assembl\u00e9e du conseil municipal d'Assinie, pr\u00e9sid\u00e9e par...\",\"breadcrumb\":{\"@id\":\"https:\/\/mairieassinie.com\/web\/services-techniques\/#breadcrumb\"},\"inLanguage\":\"fr-FR\",\"potentialAction\":[{\"@type\":\"ReadAction\",\"target\":[\"https:\/\/mairieassinie.com\/web\/services-techniques\/\"]}]},{\"@type\":\"BreadcrumbList\",\"@id\":\"https:\/\/mairieassinie.com\/web\/services-techniques\/#breadcrumb\",\"itemListElement\":[{\"@type\":\"ListItem\",\"position\":1,\"name\":\"Accueil\",\"item\":\"https:\/\/mairieassinie.com\/web\/\"},{\"@type\":\"ListItem\",\"position\":2,\"name\":\"Services Techniques\"}]},{\"@type\":\"WebSite\",\"@id\":\"https:\/\/mairieassinie.com\/web\/#website\",\"url\":\"https:\/\/mairieassinie.com\/web\/\",\"name\":\"Mairie d'Assinie\",\"description\":\"Une cit\u00e9 baln\u00e9aire exceptionnelle.\",\"potentialAction\":[{\"@type\":\"SearchAction\",\"target\":{\"@type\":\"EntryPoint\",\"urlTemplate\":\"https:\/\/mairieassinie.com\/web\/?s={search_term_string}\"},\"query-input\":{\"@type\":\"PropertyValueSpecification\",\"valueRequired\":true,\"valueName\":\"search_term_string\"}}],\"inLanguage\":\"fr-FR\"}]}<\/script>\n<!-- \/ Yoast SEO plugin. -->","yoast_head_json":{"title":"Services Techniques - Mairie d&#039;Assinie-Mairie","description":"Services Techniques Le 20 octobre 2023, s'est tenu la toute premi\u00e8re assembl\u00e9e du conseil municipal d'Assinie, pr\u00e9sid\u00e9e par...","robots":{"index":"index","follow":"follow","max-snippet":"max-snippet:-1","max-image-preview":"max-image-preview:large","max-video-preview":"max-video-preview:-1"},"canonical":"https:\/\/mairieassinie.com\/web\/services-techniques\/","og_locale":"fr_FR","og_type":"article","og_title":"Mairie d&#039;Assinie-Mairie - Services Techniques","og_description":"Le 20 octobre 2023, s'est tenu la toute premi\u00e8re assembl\u00e9e du conseil municipal d'Assinie, pr\u00e9sid\u00e9e par Monsieur Pierre MAGNE, nouveau maire. Cette r\u00e9union a permis au Maire et au Conseil Municipal de d\u00e9finir les orientations et les priorit\u00e9s \u00e0 venir. De ces \u00e9changes, Il est ressorti la cr\u00e9ation de dix commissions en plus des deux commissions r\u00e9glementaires d\u00e9finit comme suit :","og_url":"https:\/\/mairieassinie.com\/web\/services-techniques\/","og_site_name":"Mairie d&#039;Assinie-Mairie","article_publisher":"https:\/\/www.facebook.com\/mairieassinie.officiel","article_modified_time":"2023-12-16T07:37:02+00:00","twitter_card":"summary_large_image","twitter_title":"Mairie d&#039;Assinie-Mairie - Services Techniques","twitter_description":"Le 20 octobre 2023, s'est tenu la toute premi\u00e8re assembl\u00e9e du conseil municipal d'Assinie, pr\u00e9sid\u00e9e par Monsieur Pierre MAGNE, nouveau maire. Cette r\u00e9union a permis au Maire et au Conseil Municipal de d\u00e9finir les orientations et les priorit\u00e9s \u00e0 venir. De ces \u00e9changes, Il est ressorti la cr\u00e9ation de dix commissions en plus des deux commissions r\u00e9glementaires d\u00e9finit comme suit :","twitter_misc":{"Dur\u00e9e de lecture estim\u00e9e":"2 minutes"},"schema":{"@context":"https:\/\/schema.org","@graph":[{"@type":"WebPage","@id":"https:\/\/mairieassinie.com\/web\/services-techniques\/","url":"https:\/\/mairieassinie.com\/web\/services-techniques\/","name":"Services Techniques - Mairie d&#039;Assinie-Mairie","isPartOf":{"@id":"https:\/\/mairieassinie.com\/web\/#website"},"datePublished":"2023-12-16T07:27:02+00:00","dateModified":"2023-12-16T07:37:02+00:00","description":"Services Techniques Le 20 octobre 2023, s'est tenu la toute premi\u00e8re assembl\u00e9e du conseil municipal d'Assinie, pr\u00e9sid\u00e9e par...","breadcrumb":{"@id":"https:\/\/mairieassinie.com\/web\/services-techniques\/#breadcrumb"},"inLanguage":"fr-FR","potentialAction":[{"@type":"ReadAction","target":["https:\/\/mairieassinie.com\/web\/services-techniques\/"]}]},{"@type":"BreadcrumbList","@id":"https:\/\/mairieassinie.com\/web\/services-techniques\/#breadcrumb","itemListElement":[{"@type":"ListItem","position":1,"name":"Accueil","item":"https:\/\/mairieassinie.com\/web\/"},{"@type":"ListItem","position":2,"name":"Services Techniques"}]},{"@type":"WebSite","@id":"https:\/\/mairieassinie.com\/web\/#website","url":"https:\/\/mairieassinie.com\/web\/","name":"Mairie d'Assinie","description":"Une cit\u00e9 baln\u00e9aire exceptionnelle.","potentialAction":[{"@type":"SearchAction","target":{"@type":"EntryPoint","urlTemplate":"https:\/\/mairieassinie.com\/web\/?s={search_term_string}"},"query-input":{"@type":"PropertyValueSpecification","valueRequired":true,"valueName":"search_term_string"}}],"inLanguage":"fr-FR"}]}},"_links":{"self":[{"href":"https:\/\/mairieassinie.com\/web\/wp-json\/wp\/v2\/pages\/8515","targetHints":{"allow":["GET"]}}],"collection":[{"href":"https:\/\/mairieassinie.com\/web\/wp-json\/wp\/v2\/pages"}],"about":[{"href":"https:\/\/mairieassinie.com\/web\/wp-json\/wp\/v2\/types\/page"}],"author":[{"embeddable":true,"href":"https:\/\/mairieassinie.com\/web\/wp-json\/wp\/v2\/users\/1"}],"replies":[{"embeddable":true,"href":"https:\/\/mairieassinie.com\/web\/wp-json\/wp\/v2\/comments?post=8515"}],"version-history":[{"count":4,"href":"https:\/\/mairieassinie.com\/web\/wp-json\/wp\/v2\/pages\/8515\/revisions"}],"predecessor-version":[{"id":8519,"href":"https:\/\/mairieassinie.com\/web\/wp-json\/wp\/v2\/pages\/8515\/revisions\/8519"}],"wp:attachment":[{"href":"https:\/\/mairieassinie.com\/web\/wp-json\/wp\/v2\/media?parent=8515"}],"curies":[{"name":"wp","href":"https:\/\/api.w.org\/{rel}","templated":true}]}}