{"id":8697,"date":"2024-01-10T00:08:34","date_gmt":"2024-01-09T23:08:34","guid":{"rendered":"https:\/\/mairieassinie.com\/web\/?page_id=8697"},"modified":"2024-01-10T00:16:39","modified_gmt":"2024-01-09T23:16:39","slug":"acte-de-reconnaissance","status":"publish","type":"page","link":"https:\/\/mairieassinie.com\/web\/acte-de-reconnaissance\/","title":{"rendered":"Acte de Reconnaissance"},"content":{"rendered":"\t\t<div data-elementor-type=\"wp-page\" data-elementor-id=\"8697\" class=\"elementor elementor-8697\">\n\t\t\t\t\t\t<section class=\"elementor-section elementor-top-section elementor-element elementor-element-4b78ca7 elementor-section-boxed elementor-section-height-default elementor-section-height-default\" data-id=\"4b78ca7\" data-element_type=\"section\">\n\t\t\t\t\t\t<div class=\"elementor-container elementor-column-gap-default\">\n\t\t\t\t\t<div class=\"elementor-column elementor-col-100 elementor-top-column elementor-element elementor-element-5076543\" data-id=\"5076543\" data-element_type=\"column\">\n\t\t\t<div class=\"elementor-widget-wrap elementor-element-populated\">\n\t\t\t\t\t\t<div class=\"elementor-element elementor-element-499a506 elementor-widget elementor-widget-heading\" data-id=\"499a506\" data-element_type=\"widget\" data-widget_type=\"heading.default\">\n\t\t\t\t<div class=\"elementor-widget-container\">\n\t\t\t\t\t<h2 class=\"elementor-heading-title elementor-size-default\">D\u00e9claration de reconnaissance\n<\/h2>\t\t\t\t<\/div>\n\t\t\t\t<\/div>\n\t\t\t\t\t<\/div>\n\t\t<\/div>\n\t\t\t\t\t<\/div>\n\t\t<\/section>\n\t\t\t\t<section class=\"elementor-section elementor-top-section elementor-element elementor-element-5a90d35 elementor-section-boxed elementor-section-height-default elementor-section-height-default\" data-id=\"5a90d35\" data-element_type=\"section\">\n\t\t\t\t\t\t<div class=\"elementor-container elementor-column-gap-default\">\n\t\t\t\t\t<div class=\"elementor-column elementor-col-100 elementor-top-column elementor-element elementor-element-feac5c7\" data-id=\"feac5c7\" data-element_type=\"column\">\n\t\t\t<div class=\"elementor-widget-wrap elementor-element-populated\">\n\t\t\t\t\t\t<div class=\"elementor-element elementor-element-cf62991 elementor-widget elementor-widget-text-editor\" data-id=\"cf62991\" data-element_type=\"widget\" data-widget_type=\"text-editor.default\">\n\t\t\t\t<div class=\"elementor-widget-container\">\n\t\t\t\t\t\t\t\t\t<p>Vous n&rsquo;\u00eates pas mari\u00e9s et vous voulez reconna\u00eetre votre enfant\u00a0? Sa filiation n&rsquo;est pas automatique. Si vous \u00eates le p\u00e8re, une reconnaissance est obligatoire. Vous pouvez la faire avant la naissance ou plus tard. Si vous \u00eates la m\u00e8re, il suffit que votre nom figure sur l&rsquo;acte de naissance, mais une reconnaissance avant la naissance est possible. Nous vous indiquons les informations \u00e0 conna\u00eetre.<\/p>\t\t\t\t\t\t\t\t<\/div>\n\t\t\t\t<\/div>\n\t\t\t\t\t<\/div>\n\t\t<\/div>\n\t\t\t\t\t<\/div>\n\t\t<\/section>\n\t\t\t\t<section class=\"elementor-section elementor-top-section elementor-element elementor-element-4f5cdd3 elementor-section-boxed elementor-section-height-default elementor-section-height-default\" data-id=\"4f5cdd3\" data-element_type=\"section\">\n\t\t\t\t\t\t<div class=\"elementor-container elementor-column-gap-default\">\n\t\t\t\t\t<div class=\"elementor-column elementor-col-100 elementor-top-column elementor-element elementor-element-d75ab40\" data-id=\"d75ab40\" data-element_type=\"column\">\n\t\t\t<div class=\"elementor-widget-wrap elementor-element-populated\">\n\t\t\t\t\t\t<div class=\"elementor-element elementor-element-ce54784 elementor-widget elementor-widget-elementskit-accordion\" data-id=\"ce54784\" data-element_type=\"widget\" data-widget_type=\"elementskit-accordion.default\">\n\t\t\t\t<div class=\"elementor-widget-container\">\n\t\t\t\t\t<div class=\"ekit-wid-con\" >\n        <div class=\"elementskit-accordion accoedion-primary\" id=\"accordion-6a02d4b5542ea\">\n\n            \n                <div class=\"elementskit-card active\">\n                    <div class=\"elementskit-card-header\" id=\"primaryHeading-0-ce54784\">\n                        <a href=\"#collapse-24cabbb6a02d4b5542ea\" class=\"ekit-accordion--toggler elementskit-btn-link collapsed\" data-ekit-toggle=\"collapse\" data-target=\"#Collapse-24cabbb6a02d4b5542ea\" aria-expanded=\"true\" aria-controls=\"Collapse-24cabbb6a02d4b5542ea\">\n                            \n                            <span class=\"ekit-accordion-title\">Document \u00e0 fournir <\/span>\n\n                            \n                                <div class=\"ekit_accordion_icon_group\">\n                                    <div class=\"ekit_accordion_normal_icon\">\n                                        <!-- Normal Icon -->\n\t\t\t\t\t\t\t\t\t\t<i class=\"icon icon-down-arrow1\"><\/i>                                    <\/div>\n\n                                    <div class=\"ekit_accordion_active_icon\">\n                                        <!-- Active Icon -->\n\t\t\t\t\t\t\t\t\t\t<i class=\"icon icon-up-arrow\"><\/i>                                    <\/div>\n                                <\/div>\n\n                            \n                                                    <\/a>\n                    <\/div>\n\n                    <div id=\"Collapse-24cabbb6a02d4b5542ea\" class=\" show collapse\" aria-labelledby=\"primaryHeading-0-ce54784\" data-parent=\"#accordion-6a02d4b5542ea\">\n\n                        <div class=\"elementskit-card-body ekit-accordion--content\">\n                            <ul><li><ul class=\"\"><li><ul class=\"\"><li>Une copie int\u00e9grale de l'extrait de l'enfant<\/li><\/ul><\/li><\/ul><ul class=\"\"><li><ul class=\"\"><li>Une copie d'une pi\u00e8ce d'identit\u00e9 de la m\u00e8re(Carte nationale d\u2019identit\u00e9,extrait de naissance ou passeport )<\/li><li>Une copie d'une pi\u00e8ce d'identit\u00e9 du p\u00e8re(Carte nationale d\u2019identit\u00e9,extrait de naissance ou passeport )<\/li><li>La pr\u00e9sence obligatoire des deux (02) parents<\/li><\/ul><\/li><\/ul><p>\u00a0<\/p><ul class=\"\"><li>Des frais de timbre (500 F CFA \/Copie) sont applicables<\/li><\/ul><\/li><\/ul>                        <\/div>\n\n                    <\/div>\n\n                <\/div><!-- .elementskit-card END -->\n\n                                        <\/div>\n    <\/div>\t\t\t\t<\/div>\n\t\t\t\t<\/div>\n\t\t\t\t\t<\/div>\n\t\t<\/div>\n\t\t\t\t\t<\/div>\n\t\t<\/section>\n\t\t\t\t<\/div>\n\t\t\n    <div class=\"xs_social_share_widget xs_share_url after_content \t\tmain_content  wslu-style-1 wslu-share-box-shaped wslu-fill-colored wslu-none wslu-share-horizontal wslu-theme-font-no wslu-main_content\">\n\n\t\t\n        <ul>\n\t\t\t        <\/ul>\n    <\/div> \n","protected":false},"excerpt":{"rendered":"<p>reconnaissance reconnaissance D&eacute;claration de reconnaissance Vous n&rsquo;&ecirc;tes pas mari&eacute;s et vous voulez reconna&icirc;tre votre enfant&nbsp;? Sa filiation n&rsquo;est pas automatique. Si vous &ecirc;tes le p&egrave;re, une reconnaissance est obligatoire. Vous pouvez la faire avant la naissance ou plus tard. Si vous &ecirc;tes la m&egrave;re, il suffit que votre nom figure sur l&rsquo;acte de naissance, mais [&hellip;]<\/p>\n","protected":false},"author":1,"featured_media":0,"parent":0,"menu_order":0,"comment_status":"closed","ping_status":"closed","template":"","meta":{"footnotes":""},"class_list":["post-8697","page","type-page","status-publish","hentry"],"yoast_head":"<!-- This site is optimized with the Yoast SEO plugin v25.9 - https:\/\/yoast.com\/wordpress\/plugins\/seo\/ -->\n<title>Acte de Reconnaissance - Mairie d&#039;Assinie-Mairie<\/title>\n<meta name=\"description\" content=\"Acte de Reconnaissance Le 20 octobre 2023, s&#039;est tenu la toute premi\u00e8re assembl\u00e9e du conseil municipal d&#039;Assinie, pr\u00e9sid\u00e9e par...\" \/>\n<meta name=\"robots\" content=\"index, follow, max-snippet:-1, max-image-preview:large, max-video-preview:-1\" \/>\n<link rel=\"canonical\" href=\"https:\/\/mairieassinie.com\/web\/acte-de-reconnaissance\/\" \/>\n<meta property=\"og:locale\" content=\"fr_FR\" \/>\n<meta property=\"og:type\" content=\"article\" \/>\n<meta property=\"og:title\" content=\"Mairie d&#039;Assinie-Mairie - Acte de Reconnaissance\" \/>\n<meta property=\"og:description\" content=\"Le 20 octobre 2023, s&#039;est tenu la toute premi\u00e8re assembl\u00e9e du conseil municipal d&#039;Assinie, pr\u00e9sid\u00e9e par Monsieur Pierre MAGNE, nouveau maire. Cette r\u00e9union a permis au Maire et au Conseil Municipal de d\u00e9finir les orientations et les priorit\u00e9s \u00e0 venir. De ces \u00e9changes, Il est ressorti la cr\u00e9ation de dix commissions en plus des deux commissions r\u00e9glementaires d\u00e9finit comme suit :\" \/>\n<meta property=\"og:url\" content=\"https:\/\/mairieassinie.com\/web\/acte-de-reconnaissance\/\" \/>\n<meta property=\"og:site_name\" content=\"Mairie d&#039;Assinie-Mairie\" \/>\n<meta property=\"article:publisher\" content=\"https:\/\/www.facebook.com\/mairieassinie.officiel\" \/>\n<meta property=\"article:modified_time\" content=\"2024-01-09T23:16:39+00:00\" \/>\n<meta name=\"twitter:card\" content=\"summary_large_image\" \/>\n<meta name=\"twitter:title\" content=\"Mairie d&#039;Assinie-Mairie - Acte de Reconnaissance\" \/>\n<meta name=\"twitter:description\" content=\"Le 20 octobre 2023, s&#039;est tenu la toute premi\u00e8re assembl\u00e9e du conseil municipal d&#039;Assinie, pr\u00e9sid\u00e9e par Monsieur Pierre MAGNE, nouveau maire. Cette r\u00e9union a permis au Maire et au Conseil Municipal de d\u00e9finir les orientations et les priorit\u00e9s \u00e0 venir. De ces \u00e9changes, Il est ressorti la cr\u00e9ation de dix commissions en plus des deux commissions r\u00e9glementaires d\u00e9finit comme suit :\" \/>\n<meta name=\"twitter:label1\" content=\"Dur\u00e9e de lecture estim\u00e9e\" \/>\n\t<meta name=\"twitter:data1\" content=\"1 minute\" \/>\n<script type=\"application\/ld+json\" class=\"yoast-schema-graph\">{\"@context\":\"https:\/\/schema.org\",\"@graph\":[{\"@type\":\"WebPage\",\"@id\":\"https:\/\/mairieassinie.com\/web\/acte-de-reconnaissance\/\",\"url\":\"https:\/\/mairieassinie.com\/web\/acte-de-reconnaissance\/\",\"name\":\"Acte de Reconnaissance - Mairie d&#039;Assinie-Mairie\",\"isPartOf\":{\"@id\":\"https:\/\/mairieassinie.com\/web\/#website\"},\"datePublished\":\"2024-01-09T23:08:34+00:00\",\"dateModified\":\"2024-01-09T23:16:39+00:00\",\"description\":\"Acte de Reconnaissance Le 20 octobre 2023, s'est tenu la toute premi\u00e8re assembl\u00e9e du conseil municipal d'Assinie, pr\u00e9sid\u00e9e par...\",\"breadcrumb\":{\"@id\":\"https:\/\/mairieassinie.com\/web\/acte-de-reconnaissance\/#breadcrumb\"},\"inLanguage\":\"fr-FR\",\"potentialAction\":[{\"@type\":\"ReadAction\",\"target\":[\"https:\/\/mairieassinie.com\/web\/acte-de-reconnaissance\/\"]}]},{\"@type\":\"BreadcrumbList\",\"@id\":\"https:\/\/mairieassinie.com\/web\/acte-de-reconnaissance\/#breadcrumb\",\"itemListElement\":[{\"@type\":\"ListItem\",\"position\":1,\"name\":\"Accueil\",\"item\":\"https:\/\/mairieassinie.com\/web\/\"},{\"@type\":\"ListItem\",\"position\":2,\"name\":\"Acte de Reconnaissance\"}]},{\"@type\":\"WebSite\",\"@id\":\"https:\/\/mairieassinie.com\/web\/#website\",\"url\":\"https:\/\/mairieassinie.com\/web\/\",\"name\":\"Mairie d'Assinie\",\"description\":\"Une cit\u00e9 baln\u00e9aire exceptionnelle.\",\"potentialAction\":[{\"@type\":\"SearchAction\",\"target\":{\"@type\":\"EntryPoint\",\"urlTemplate\":\"https:\/\/mairieassinie.com\/web\/?s={search_term_string}\"},\"query-input\":{\"@type\":\"PropertyValueSpecification\",\"valueRequired\":true,\"valueName\":\"search_term_string\"}}],\"inLanguage\":\"fr-FR\"}]}<\/script>\n<!-- \/ Yoast SEO plugin. -->","yoast_head_json":{"title":"Acte de Reconnaissance - Mairie d&#039;Assinie-Mairie","description":"Acte de Reconnaissance Le 20 octobre 2023, s'est tenu la toute premi\u00e8re assembl\u00e9e du conseil municipal d'Assinie, pr\u00e9sid\u00e9e par...","robots":{"index":"index","follow":"follow","max-snippet":"max-snippet:-1","max-image-preview":"max-image-preview:large","max-video-preview":"max-video-preview:-1"},"canonical":"https:\/\/mairieassinie.com\/web\/acte-de-reconnaissance\/","og_locale":"fr_FR","og_type":"article","og_title":"Mairie d&#039;Assinie-Mairie - Acte de Reconnaissance","og_description":"Le 20 octobre 2023, s'est tenu la toute premi\u00e8re assembl\u00e9e du conseil municipal d'Assinie, pr\u00e9sid\u00e9e par Monsieur Pierre MAGNE, nouveau maire. Cette r\u00e9union a permis au Maire et au Conseil Municipal de d\u00e9finir les orientations et les priorit\u00e9s \u00e0 venir. De ces \u00e9changes, Il est ressorti la cr\u00e9ation de dix commissions en plus des deux commissions r\u00e9glementaires d\u00e9finit comme suit :","og_url":"https:\/\/mairieassinie.com\/web\/acte-de-reconnaissance\/","og_site_name":"Mairie d&#039;Assinie-Mairie","article_publisher":"https:\/\/www.facebook.com\/mairieassinie.officiel","article_modified_time":"2024-01-09T23:16:39+00:00","twitter_card":"summary_large_image","twitter_title":"Mairie d&#039;Assinie-Mairie - Acte de Reconnaissance","twitter_description":"Le 20 octobre 2023, s'est tenu la toute premi\u00e8re assembl\u00e9e du conseil municipal d'Assinie, pr\u00e9sid\u00e9e par Monsieur Pierre MAGNE, nouveau maire. Cette r\u00e9union a permis au Maire et au Conseil Municipal de d\u00e9finir les orientations et les priorit\u00e9s \u00e0 venir. De ces \u00e9changes, Il est ressorti la cr\u00e9ation de dix commissions en plus des deux commissions r\u00e9glementaires d\u00e9finit comme suit :","twitter_misc":{"Dur\u00e9e de lecture estim\u00e9e":"1 minute"},"schema":{"@context":"https:\/\/schema.org","@graph":[{"@type":"WebPage","@id":"https:\/\/mairieassinie.com\/web\/acte-de-reconnaissance\/","url":"https:\/\/mairieassinie.com\/web\/acte-de-reconnaissance\/","name":"Acte de Reconnaissance - Mairie d&#039;Assinie-Mairie","isPartOf":{"@id":"https:\/\/mairieassinie.com\/web\/#website"},"datePublished":"2024-01-09T23:08:34+00:00","dateModified":"2024-01-09T23:16:39+00:00","description":"Acte de Reconnaissance Le 20 octobre 2023, s'est tenu la toute premi\u00e8re assembl\u00e9e du conseil municipal d'Assinie, pr\u00e9sid\u00e9e par...","breadcrumb":{"@id":"https:\/\/mairieassinie.com\/web\/acte-de-reconnaissance\/#breadcrumb"},"inLanguage":"fr-FR","potentialAction":[{"@type":"ReadAction","target":["https:\/\/mairieassinie.com\/web\/acte-de-reconnaissance\/"]}]},{"@type":"BreadcrumbList","@id":"https:\/\/mairieassinie.com\/web\/acte-de-reconnaissance\/#breadcrumb","itemListElement":[{"@type":"ListItem","position":1,"name":"Accueil","item":"https:\/\/mairieassinie.com\/web\/"},{"@type":"ListItem","position":2,"name":"Acte de Reconnaissance"}]},{"@type":"WebSite","@id":"https:\/\/mairieassinie.com\/web\/#website","url":"https:\/\/mairieassinie.com\/web\/","name":"Mairie d'Assinie","description":"Une cit\u00e9 baln\u00e9aire exceptionnelle.","potentialAction":[{"@type":"SearchAction","target":{"@type":"EntryPoint","urlTemplate":"https:\/\/mairieassinie.com\/web\/?s={search_term_string}"},"query-input":{"@type":"PropertyValueSpecification","valueRequired":true,"valueName":"search_term_string"}}],"inLanguage":"fr-FR"}]}},"_links":{"self":[{"href":"https:\/\/mairieassinie.com\/web\/wp-json\/wp\/v2\/pages\/8697","targetHints":{"allow":["GET"]}}],"collection":[{"href":"https:\/\/mairieassinie.com\/web\/wp-json\/wp\/v2\/pages"}],"about":[{"href":"https:\/\/mairieassinie.com\/web\/wp-json\/wp\/v2\/types\/page"}],"author":[{"embeddable":true,"href":"https:\/\/mairieassinie.com\/web\/wp-json\/wp\/v2\/users\/1"}],"replies":[{"embeddable":true,"href":"https:\/\/mairieassinie.com\/web\/wp-json\/wp\/v2\/comments?post=8697"}],"version-history":[{"count":4,"href":"https:\/\/mairieassinie.com\/web\/wp-json\/wp\/v2\/pages\/8697\/revisions"}],"predecessor-version":[{"id":8702,"href":"https:\/\/mairieassinie.com\/web\/wp-json\/wp\/v2\/pages\/8697\/revisions\/8702"}],"wp:attachment":[{"href":"https:\/\/mairieassinie.com\/web\/wp-json\/wp\/v2\/media?parent=8697"}],"curies":[{"name":"wp","href":"https:\/\/api.w.org\/{rel}","templated":true}]}}